{"id":988303,"date":"2026-04-23T22:35:05","date_gmt":"2026-04-23T20:35:05","guid":{"rendered":"https:\/\/viveverde.es\/?post_type=product&#038;p=988303"},"modified":"2026-04-23T22:36:36","modified_gmt":"2026-04-23T20:36:36","slug":"taller-sin-miedo-a-trasplantar-clientes","status":"publish","type":"product","link":"https:\/\/viveverde.es\/en\/product\/taller-sin-miedo-a-trasplantar-clientes\/","title":{"rendered":"Taller Sin miedo a trasplantar"},"content":{"rendered":"","protected":false},"excerpt":{"rendered":"<p class=\"font-claude-response-body break-words whitespace-normal leading-[1.7]\"><strong>Muchas personas evitan trasplantar por miedo a da\u00f1ar la planta.<\/strong> Pero quedarse en la misma maceta demasiado tiempo tambi\u00e9n la perjudica. En este taller pierdes ese miedo de una vez.<\/p>\n<p class=\"font-claude-response-body break-words whitespace-normal leading-[1.7]\"><strong>\u00bfQu\u00e9 aprender\u00e1s?<\/strong><\/p>\n<ul class=\"[li_&amp;]:mb-0 [li_&amp;]:mt-1 [li_&amp;]:gap-1 [&amp;:not(:last-child)_ul]:pb-1 [&amp;:not(:last-child)_ol]:pb-1 list-disc flex flex-col gap-1 pl-8 mb-3\">\n<li class=\"whitespace-normal break-words pl-2\">Cu\u00e1ndo trasplantar y cu\u00e1ndo NO (se\u00f1ales que lo indican)<\/li>\n<li class=\"whitespace-normal break-words pl-2\">Qu\u00e9 maceta elegir: tama\u00f1o, material y por qu\u00e9 importa<\/li>\n<li class=\"whitespace-normal break-words pl-2\">La importancia del drenaje y c\u00f3mo garantizarlo<\/li>\n<li class=\"whitespace-normal break-words pl-2\">Tipos de sustrato y cu\u00e1l usar seg\u00fan la planta<\/li>\n<\/ul>\n<p class=\"font-claude-response-body break-words whitespace-normal leading-[1.7]\"><strong>La parte pr\u00e1ctica:<\/strong> Cada asistente trasplanta una planta durante el taller, con correcci\u00f3n individual. Sales con tu planta trasplantada correctamente y el conocimiento para hacerlo solo en casa.<\/p>\n<p class=\"font-claude-response-body break-words whitespace-normal leading-[1.7]\"><strong>Detalles del taller:<\/strong><\/p>\n<ul class=\"[li_&amp;]:mb-0 [li_&amp;]:mt-1 [li_&amp;]:gap-1 [&amp;:not(:last-child)_ul]:pb-1 [&amp;:not(:last-child)_ol]:pb-1 list-disc flex flex-col gap-1 pl-8 mb-3\">\n<li class=\"whitespace-normal break-words pl-2\">\ud83d\udcc5 Domingo 7 de Junio de 2026<\/li>\n<li class=\"whitespace-normal break-words pl-2\">\u23f0 De 12:00 a 13:00 h (1 hora)<\/li>\n<li class=\"whitespace-normal break-words pl-2\">\ud83d\udccd ViveVerde \u2013 Antigua Ctra. de Andaluc\u00eda km 43.1, Aranjuez, Madrid<\/li>\n<li class=\"whitespace-normal break-words pl-2\">\ud83d\udc65 12\u201315 plazas (aforo limitado)<\/li>\n<li class=\"whitespace-normal break-words pl-2\">\ud83d\udcb6 25\u20ac<\/li>\n<\/ul>\n<p class=\"font-claude-response-body break-words whitespace-normal leading-[1.7]\"><strong>Incluye:<\/strong> planta para trasplantar, maceta, sustrato, herramientas y guantes.<\/p>\n","protected":false},"featured_media":988304,"template":"","meta":{"inline_featured_image":false},"product_cat":[15],"product_tag":[],"yoast_head":"<!-- This site is optimized with the Yoast SEO plugin v24.5 - https:\/\/yoast.com\/wordpress\/plugins\/seo\/ -->\n<title>Taller Sin miedo a trasplantar - ViveVerde<\/title>\n<meta name=\"robots\" content=\"index, follow, max-snippet:-1, max-image-preview:large, max-video-preview:-1\" \/>\n<link rel=\"canonical\" href=\"https:\/\/viveverde.es\/en\/product\/taller-sin-miedo-a-trasplantar-clientes\/\" \/>\n<meta property=\"og:locale\" content=\"en_GB\" \/>\n<meta property=\"og:type\" content=\"article\" \/>\n<meta property=\"og:title\" content=\"Taller Sin miedo a trasplantar - ViveVerde\" \/>\n<meta property=\"og:description\" content=\"Muchas personas evitan trasplantar por miedo a da\u00f1ar la planta. Pero quedarse en la misma maceta demasiado tiempo tambi\u00e9n la perjudica. En este taller pierdes ese miedo de una vez. \u00bfQu\u00e9 aprender\u00e1s?    Cu\u00e1ndo trasplantar y cu\u00e1ndo NO (se\u00f1ales que lo indican)  Qu\u00e9 maceta elegir: tama\u00f1o, material y por qu\u00e9 importa  La importancia del drenaje y c\u00f3mo garantizarlo  Tipos de sustrato y cu\u00e1l usar seg\u00fan la planta  La parte pr\u00e1ctica: Cada asistente trasplanta una planta durante el taller, con correcci\u00f3n individual. Sales con tu planta trasplantada correctamente y el conocimiento para hacerlo solo en casa. Detalles del taller:    \ud83d\udcc5 Domingo 7 de Junio de 2026  \u23f0 De 12:00 a 13:00 h (1 hora)  \ud83d\udccd ViveVerde \u2013 Antigua Ctra. de Andaluc\u00eda km 43.1, Aranjuez, Madrid  \ud83d\udc65 12\u201315 plazas (aforo limitado)  \ud83d\udcb6 25\u20ac  Incluye: planta para trasplantar, maceta, sustrato, herramientas y guantes.\" \/>\n<meta property=\"og:url\" content=\"https:\/\/viveverde.es\/en\/product\/taller-sin-miedo-a-trasplantar-clientes\/\" \/>\n<meta property=\"og:site_name\" content=\"ViveVerde\" \/>\n<meta property=\"article:modified_time\" content=\"2026-04-23T20:36:36+00:00\" \/>\n<meta property=\"og:image\" content=\"https:\/\/viveverde.es\/wp-content\/uploads\/2026\/04\/taller-trasplantar-CLIENTES.png\" \/>\n\t<meta property=\"og:image:width\" content=\"1080\" \/>\n\t<meta property=\"og:image:height\" content=\"1350\" \/>\n\t<meta property=\"og:image:type\" content=\"image\/png\" \/>\n<meta name=\"twitter:card\" content=\"summary_large_image\" \/>\n<meta name=\"twitter:label1\" content=\"Estimated reading time\" \/>\n\t<meta name=\"twitter:data1\" content=\"1 minute\" \/>\n<script type=\"application\/ld+json\" class=\"yoast-schema-graph\">{\"@context\":\"https:\/\/schema.org\",\"@graph\":[{\"@type\":\"WebPage\",\"@id\":\"https:\/\/viveverde.es\/product\/taller-sin-miedo-a-trasplantar-clientes\/\",\"url\":\"https:\/\/viveverde.es\/product\/taller-sin-miedo-a-trasplantar-clientes\/\",\"name\":\"Taller Sin miedo a trasplantar - ViveVerde\",\"isPartOf\":{\"@id\":\"https:\/\/viveverde.es\/#website\"},\"primaryImageOfPage\":{\"@id\":\"https:\/\/viveverde.es\/product\/taller-sin-miedo-a-trasplantar-clientes\/#primaryimage\"},\"image\":{\"@id\":\"https:\/\/viveverde.es\/product\/taller-sin-miedo-a-trasplantar-clientes\/#primaryimage\"},\"thumbnailUrl\":\"https:\/\/viveverde.es\/wp-content\/uploads\/2026\/04\/taller-trasplantar-CLIENTES.png\",\"datePublished\":\"2026-04-23T20:35:05+00:00\",\"dateModified\":\"2026-04-23T20:36:36+00:00\",\"breadcrumb\":{\"@id\":\"https:\/\/viveverde.es\/product\/taller-sin-miedo-a-trasplantar-clientes\/#breadcrumb\"},\"inLanguage\":\"en-GB\",\"potentialAction\":[{\"@type\":\"ReadAction\",\"target\":[\"https:\/\/viveverde.es\/product\/taller-sin-miedo-a-trasplantar-clientes\/\"]}]},{\"@type\":\"ImageObject\",\"inLanguage\":\"en-GB\",\"@id\":\"https:\/\/viveverde.es\/product\/taller-sin-miedo-a-trasplantar-clientes\/#primaryimage\",\"url\":\"https:\/\/viveverde.es\/wp-content\/uploads\/2026\/04\/taller-trasplantar-CLIENTES.png\",\"contentUrl\":\"https:\/\/viveverde.es\/wp-content\/uploads\/2026\/04\/taller-trasplantar-CLIENTES.png\",\"width\":1080,\"height\":1350},{\"@type\":\"BreadcrumbList\",\"@id\":\"https:\/\/viveverde.es\/product\/taller-sin-miedo-a-trasplantar-clientes\/#breadcrumb\",\"itemListElement\":[{\"@type\":\"ListItem\",\"position\":1,\"name\":\"Portada\",\"item\":\"https:\/\/viveverde.es\/\"},{\"@type\":\"ListItem\",\"position\":2,\"name\":\"Talleres\",\"item\":\"https:\/\/viveverde.es\/talleres\/\"},{\"@type\":\"ListItem\",\"position\":3,\"name\":\"Taller Sin miedo a trasplantar\"}]},{\"@type\":\"WebSite\",\"@id\":\"https:\/\/viveverde.es\/#website\",\"url\":\"https:\/\/viveverde.es\/\",\"name\":\"ViveVerde\",\"description\":\"\",\"publisher\":{\"@id\":\"https:\/\/viveverde.es\/#organization\"},\"potentialAction\":[{\"@type\":\"SearchAction\",\"target\":{\"@type\":\"EntryPoint\",\"urlTemplate\":\"https:\/\/viveverde.es\/?s={search_term_string}\"},\"query-input\":{\"@type\":\"PropertyValueSpecification\",\"valueRequired\":true,\"valueName\":\"search_term_string\"}}],\"inLanguage\":\"en-GB\"},{\"@type\":\"Organization\",\"@id\":\"https:\/\/viveverde.es\/#organization\",\"name\":\"ViveVerde\",\"url\":\"https:\/\/viveverde.es\/\",\"logo\":{\"@type\":\"ImageObject\",\"inLanguage\":\"en-GB\",\"@id\":\"https:\/\/viveverde.es\/#\/schema\/logo\/image\/\",\"url\":\"https:\/\/viveverde.es\/wp-content\/uploads\/2024\/06\/Vectorizado-06-1.png\",\"contentUrl\":\"https:\/\/viveverde.es\/wp-content\/uploads\/2024\/06\/Vectorizado-06-1.png\",\"width\":354,\"height\":150,\"caption\":\"ViveVerde\"},\"image\":{\"@id\":\"https:\/\/viveverde.es\/#\/schema\/logo\/image\/\"}}]}<\/script>\n<!-- \/ Yoast SEO plugin. -->","yoast_head_json":{"title":"Taller Sin miedo a trasplantar - ViveVerde","robots":{"index":"index","follow":"follow","max-snippet":"max-snippet:-1","max-image-preview":"max-image-preview:large","max-video-preview":"max-video-preview:-1"},"canonical":"https:\/\/viveverde.es\/en\/product\/taller-sin-miedo-a-trasplantar-clientes\/","og_locale":"en_GB","og_type":"article","og_title":"Taller Sin miedo a trasplantar - ViveVerde","og_description":"Muchas personas evitan trasplantar por miedo a da\u00f1ar la planta. Pero quedarse en la misma maceta demasiado tiempo tambi\u00e9n la perjudica. En este taller pierdes ese miedo de una vez. \u00bfQu\u00e9 aprender\u00e1s?    Cu\u00e1ndo trasplantar y cu\u00e1ndo NO (se\u00f1ales que lo indican)  Qu\u00e9 maceta elegir: tama\u00f1o, material y por qu\u00e9 importa  La importancia del drenaje y c\u00f3mo garantizarlo  Tipos de sustrato y cu\u00e1l usar seg\u00fan la planta  La parte pr\u00e1ctica: Cada asistente trasplanta una planta durante el taller, con correcci\u00f3n individual. Sales con tu planta trasplantada correctamente y el conocimiento para hacerlo solo en casa. Detalles del taller:    \ud83d\udcc5 Domingo 7 de Junio de 2026  \u23f0 De 12:00 a 13:00 h (1 hora)  \ud83d\udccd ViveVerde \u2013 Antigua Ctra. de Andaluc\u00eda km 43.1, Aranjuez, Madrid  \ud83d\udc65 12\u201315 plazas (aforo limitado)  \ud83d\udcb6 25\u20ac  Incluye: planta para trasplantar, maceta, sustrato, herramientas y guantes.","og_url":"https:\/\/viveverde.es\/en\/product\/taller-sin-miedo-a-trasplantar-clientes\/","og_site_name":"ViveVerde","article_modified_time":"2026-04-23T20:36:36+00:00","og_image":[{"width":1080,"height":1350,"url":"https:\/\/viveverde.es\/wp-content\/uploads\/2026\/04\/taller-trasplantar-CLIENTES.png","type":"image\/png"}],"twitter_card":"summary_large_image","twitter_misc":{"Estimated reading time":"1 minute"},"schema":{"@context":"https:\/\/schema.org","@graph":[{"@type":"WebPage","@id":"https:\/\/viveverde.es\/product\/taller-sin-miedo-a-trasplantar-clientes\/","url":"https:\/\/viveverde.es\/product\/taller-sin-miedo-a-trasplantar-clientes\/","name":"Taller Sin miedo a trasplantar - ViveVerde","isPartOf":{"@id":"https:\/\/viveverde.es\/#website"},"primaryImageOfPage":{"@id":"https:\/\/viveverde.es\/product\/taller-sin-miedo-a-trasplantar-clientes\/#primaryimage"},"image":{"@id":"https:\/\/viveverde.es\/product\/taller-sin-miedo-a-trasplantar-clientes\/#primaryimage"},"thumbnailUrl":"https:\/\/viveverde.es\/wp-content\/uploads\/2026\/04\/taller-trasplantar-CLIENTES.png","datePublished":"2026-04-23T20:35:05+00:00","dateModified":"2026-04-23T20:36:36+00:00","breadcrumb":{"@id":"https:\/\/viveverde.es\/product\/taller-sin-miedo-a-trasplantar-clientes\/#breadcrumb"},"inLanguage":"en-GB","potentialAction":[{"@type":"ReadAction","target":["https:\/\/viveverde.es\/product\/taller-sin-miedo-a-trasplantar-clientes\/"]}]},{"@type":"ImageObject","inLanguage":"en-GB","@id":"https:\/\/viveverde.es\/product\/taller-sin-miedo-a-trasplantar-clientes\/#primaryimage","url":"https:\/\/viveverde.es\/wp-content\/uploads\/2026\/04\/taller-trasplantar-CLIENTES.png","contentUrl":"https:\/\/viveverde.es\/wp-content\/uploads\/2026\/04\/taller-trasplantar-CLIENTES.png","width":1080,"height":1350},{"@type":"BreadcrumbList","@id":"https:\/\/viveverde.es\/product\/taller-sin-miedo-a-trasplantar-clientes\/#breadcrumb","itemListElement":[{"@type":"ListItem","position":1,"name":"Portada","item":"https:\/\/viveverde.es\/"},{"@type":"ListItem","position":2,"name":"Talleres","item":"https:\/\/viveverde.es\/talleres\/"},{"@type":"ListItem","position":3,"name":"Taller Sin miedo a trasplantar"}]},{"@type":"WebSite","@id":"https:\/\/viveverde.es\/#website","url":"https:\/\/viveverde.es\/","name":"ViveVerde","description":"","publisher":{"@id":"https:\/\/viveverde.es\/#organization"},"potentialAction":[{"@type":"SearchAction","target":{"@type":"EntryPoint","urlTemplate":"https:\/\/viveverde.es\/?s={search_term_string}"},"query-input":{"@type":"PropertyValueSpecification","valueRequired":true,"valueName":"search_term_string"}}],"inLanguage":"en-GB"},{"@type":"Organization","@id":"https:\/\/viveverde.es\/#organization","name":"ViveVerde","url":"https:\/\/viveverde.es\/","logo":{"@type":"ImageObject","inLanguage":"en-GB","@id":"https:\/\/viveverde.es\/#\/schema\/logo\/image\/","url":"https:\/\/viveverde.es\/wp-content\/uploads\/2024\/06\/Vectorizado-06-1.png","contentUrl":"https:\/\/viveverde.es\/wp-content\/uploads\/2024\/06\/Vectorizado-06-1.png","width":354,"height":150,"caption":"ViveVerde"},"image":{"@id":"https:\/\/viveverde.es\/#\/schema\/logo\/image\/"}}]}},"jetpack_sharing_enabled":true,"_links":{"self":[{"href":"https:\/\/viveverde.es\/en\/wp-json\/wp\/v2\/product\/988303"}],"collection":[{"href":"https:\/\/viveverde.es\/en\/wp-json\/wp\/v2\/product"}],"about":[{"href":"https:\/\/viveverde.es\/en\/wp-json\/wp\/v2\/types\/product"}],"wp:featuredmedia":[{"embeddable":true,"href":"https:\/\/viveverde.es\/en\/wp-json\/wp\/v2\/media\/988304"}],"wp:attachment":[{"href":"https:\/\/viveverde.es\/en\/wp-json\/wp\/v2\/media?parent=988303"}],"wp:term":[{"taxonomy":"product_cat","embeddable":true,"href":"https:\/\/viveverde.es\/en\/wp-json\/wp\/v2\/product_cat?post=988303"},{"taxonomy":"product_tag","embeddable":true,"href":"https:\/\/viveverde.es\/en\/wp-json\/wp\/v2\/product_tag?post=988303"}],"curies":[{"name":"wp","href":"https:\/\/api.w.org\/{rel}","templated":true}]}}