{"id":988299,"date":"2026-04-23T22:28:14","date_gmt":"2026-04-23T20:28:14","guid":{"rendered":"https:\/\/viveverde.es\/?post_type=product&#038;p=988299"},"modified":"2026-04-23T22:31:39","modified_gmt":"2026-04-23T20:31:39","slug":"taller-de-plantas-faciles-de-cuidar","status":"publish","type":"product","link":"https:\/\/viveverde.es\/en\/product\/taller-de-plantas-faciles-de-cuidar\/","title":{"rendered":"Taller de Plantas f\u00e1ciles de cuidar"},"content":{"rendered":"","protected":false},"excerpt":{"rendered":"<p class=\"font-claude-response-body break-words whitespace-normal leading-[1.7]\"><strong>Hay plantas que pr\u00e1cticamente se cuidan solas.<\/strong> El secreto est\u00e1 en elegir bien y saber lo b\u00e1sico. Este taller te ense\u00f1a a hacer exactamente eso, sin conocimientos previos ni complicaciones.<\/p>\n<p class=\"font-claude-response-body break-words whitespace-normal leading-[1.7]\"><strong>\u00bfQu\u00e9 aprender\u00e1s?<\/strong><\/p>\n<ul class=\"[li_&amp;]:mb-0 [li_&amp;]:mt-1 [li_&amp;]:gap-1 [&amp;:not(:last-child)_ul]:pb-1 [&amp;:not(:last-child)_ol]:pb-1 list-disc flex flex-col gap-1 pl-8 mb-3\">\n<li class=\"whitespace-normal break-words pl-2\">C\u00f3mo elegir las plantas m\u00e1s resistentes para tu casa, balc\u00f3n o terraza<\/li>\n<li class=\"whitespace-normal break-words pl-2\">Rutinas de cuidado simples que cualquiera puede seguir<\/li>\n<li class=\"whitespace-normal break-words pl-2\">C\u00f3mo prevenir plagas antes de que lleguen<\/li>\n<li class=\"whitespace-normal break-words pl-2\">Sustrato y riego: lo \u00fanico que necesitas saber para empezar bien<\/li>\n<\/ul>\n<p class=\"font-claude-response-body break-words whitespace-normal leading-[1.7]\"><strong>Detalles del taller:<\/strong><\/p>\n<ul class=\"[li_&amp;]:mb-0 [li_&amp;]:mt-1 [li_&amp;]:gap-1 [&amp;:not(:last-child)_ul]:pb-1 [&amp;:not(:last-child)_ol]:pb-1 list-disc flex flex-col gap-1 pl-8 mb-3\">\n<li class=\"whitespace-normal break-words pl-2\">\ud83d\udcc5 Jueves 21 de Mayo de 2026<\/li>\n<li class=\"whitespace-normal break-words pl-2\">\u23f0 De 17:00 a 18:30 h (1,5 horas)<\/li>\n<li class=\"whitespace-normal break-words pl-2\">\ud83d\udccd ViveVerde \u2013 Antigua Ctra. de Andaluc\u00eda km 43.1, Aranjuez, Madrid<\/li>\n<li class=\"whitespace-normal break-words pl-2\">\ud83d\udc65 12\u201315 plazas (aforo muy limitado)<\/li>\n<li>\ud83d\udcb6 GRATUITO \u2014 La reserva tiene un coste de <strong data-start=\"1313\" data-end=\"1319\">5\u20ac<\/strong>, que podr\u00e1s recuperar \u00edntegramente en tu pr\u00f3xima compra en ViveVerde, <strong data-start=\"1390\" data-end=\"1412\">sin importe m\u00ednimo<\/strong>.<\/li>\n<\/ul>\n<p class=\"font-claude-response-body break-words whitespace-normal leading-[1.7]\"><em>Impartido en colaboraci\u00f3n con Flower. Especialmente recomendado para quienes se inician con las plantas.<\/em><\/p>\n","protected":false},"featured_media":988300,"template":"","meta":{"inline_featured_image":false},"product_cat":[89],"product_tag":[],"yoast_head":"<!-- This site is optimized with the Yoast SEO plugin v24.5 - https:\/\/yoast.com\/wordpress\/plugins\/seo\/ -->\n<title>Taller de Plantas f\u00e1ciles de cuidar - ViveVerde<\/title>\n<meta name=\"robots\" content=\"index, follow, max-snippet:-1, max-image-preview:large, max-video-preview:-1\" \/>\n<link rel=\"canonical\" href=\"https:\/\/viveverde.es\/en\/product\/taller-de-plantas-faciles-de-cuidar\/\" \/>\n<meta property=\"og:locale\" content=\"en_GB\" \/>\n<meta property=\"og:type\" content=\"article\" \/>\n<meta property=\"og:title\" content=\"Taller de Plantas f\u00e1ciles de cuidar - ViveVerde\" \/>\n<meta property=\"og:description\" content=\"Hay plantas que pr\u00e1cticamente se cuidan solas. El secreto est\u00e1 en elegir bien y saber lo b\u00e1sico. Este taller te ense\u00f1a a hacer exactamente eso, sin conocimientos previos ni complicaciones. \u00bfQu\u00e9 aprender\u00e1s?    C\u00f3mo elegir las plantas m\u00e1s resistentes para tu casa, balc\u00f3n o terraza  Rutinas de cuidado simples que cualquiera puede seguir  C\u00f3mo prevenir plagas antes de que lleguen  Sustrato y riego: lo \u00fanico que necesitas saber para empezar bien  Detalles del taller:    \ud83d\udcc5 Jueves 21 de Mayo de 2026  \u23f0 De 17:00 a 18:30 h (1,5 horas)  \ud83d\udccd ViveVerde \u2013 Antigua Ctra. de Andaluc\u00eda km 43.1, Aranjuez, Madrid  \ud83d\udc65 12\u201315 plazas (aforo muy limitado)  \ud83d\udcb6 GRATUITO \u2014 La reserva tiene un coste de 5\u20ac, que podr\u00e1s recuperar \u00edntegramente en tu pr\u00f3xima compra en ViveVerde, sin importe m\u00ednimo.  Impartido en colaboraci\u00f3n con Flower. Especialmente recomendado para quienes se inician con las plantas.\" \/>\n<meta property=\"og:url\" content=\"https:\/\/viveverde.es\/en\/product\/taller-de-plantas-faciles-de-cuidar\/\" \/>\n<meta property=\"og:site_name\" content=\"ViveVerde\" \/>\n<meta property=\"article:modified_time\" content=\"2026-04-23T20:31:39+00:00\" \/>\n<meta property=\"og:image\" content=\"https:\/\/viveverde.es\/wp-content\/uploads\/2026\/04\/ChatGPT-Image-23-abr-2026-00_01_17-819x1024.png\" \/>\n\t<meta property=\"og:image:width\" content=\"819\" \/>\n\t<meta property=\"og:image:height\" content=\"1024\" \/>\n\t<meta property=\"og:image:type\" content=\"image\/png\" \/>\n<meta name=\"twitter:card\" content=\"summary_large_image\" \/>\n<meta name=\"twitter:label1\" content=\"Estimated reading time\" \/>\n\t<meta name=\"twitter:data1\" content=\"1 minute\" \/>\n<script type=\"application\/ld+json\" class=\"yoast-schema-graph\">{\"@context\":\"https:\/\/schema.org\",\"@graph\":[{\"@type\":\"WebPage\",\"@id\":\"https:\/\/viveverde.es\/product\/taller-de-plantas-faciles-de-cuidar\/\",\"url\":\"https:\/\/viveverde.es\/product\/taller-de-plantas-faciles-de-cuidar\/\",\"name\":\"Taller de Plantas f\u00e1ciles de cuidar - ViveVerde\",\"isPartOf\":{\"@id\":\"https:\/\/viveverde.es\/#website\"},\"primaryImageOfPage\":{\"@id\":\"https:\/\/viveverde.es\/product\/taller-de-plantas-faciles-de-cuidar\/#primaryimage\"},\"image\":{\"@id\":\"https:\/\/viveverde.es\/product\/taller-de-plantas-faciles-de-cuidar\/#primaryimage\"},\"thumbnailUrl\":\"https:\/\/viveverde.es\/wp-content\/uploads\/2026\/04\/ChatGPT-Image-23-abr-2026-00_01_17.png\",\"datePublished\":\"2026-04-23T20:28:14+00:00\",\"dateModified\":\"2026-04-23T20:31:39+00:00\",\"breadcrumb\":{\"@id\":\"https:\/\/viveverde.es\/product\/taller-de-plantas-faciles-de-cuidar\/#breadcrumb\"},\"inLanguage\":\"en-GB\",\"potentialAction\":[{\"@type\":\"ReadAction\",\"target\":[\"https:\/\/viveverde.es\/product\/taller-de-plantas-faciles-de-cuidar\/\"]}]},{\"@type\":\"ImageObject\",\"inLanguage\":\"en-GB\",\"@id\":\"https:\/\/viveverde.es\/product\/taller-de-plantas-faciles-de-cuidar\/#primaryimage\",\"url\":\"https:\/\/viveverde.es\/wp-content\/uploads\/2026\/04\/ChatGPT-Image-23-abr-2026-00_01_17.png\",\"contentUrl\":\"https:\/\/viveverde.es\/wp-content\/uploads\/2026\/04\/ChatGPT-Image-23-abr-2026-00_01_17.png\",\"width\":1122,\"height\":1402},{\"@type\":\"BreadcrumbList\",\"@id\":\"https:\/\/viveverde.es\/product\/taller-de-plantas-faciles-de-cuidar\/#breadcrumb\",\"itemListElement\":[{\"@type\":\"ListItem\",\"position\":1,\"name\":\"Portada\",\"item\":\"https:\/\/viveverde.es\/\"},{\"@type\":\"ListItem\",\"position\":2,\"name\":\"Talleres\",\"item\":\"https:\/\/viveverde.es\/talleres\/\"},{\"@type\":\"ListItem\",\"position\":3,\"name\":\"Taller de Plantas f\u00e1ciles de cuidar\"}]},{\"@type\":\"WebSite\",\"@id\":\"https:\/\/viveverde.es\/#website\",\"url\":\"https:\/\/viveverde.es\/\",\"name\":\"ViveVerde\",\"description\":\"\",\"publisher\":{\"@id\":\"https:\/\/viveverde.es\/#organization\"},\"potentialAction\":[{\"@type\":\"SearchAction\",\"target\":{\"@type\":\"EntryPoint\",\"urlTemplate\":\"https:\/\/viveverde.es\/?s={search_term_string}\"},\"query-input\":{\"@type\":\"PropertyValueSpecification\",\"valueRequired\":true,\"valueName\":\"search_term_string\"}}],\"inLanguage\":\"en-GB\"},{\"@type\":\"Organization\",\"@id\":\"https:\/\/viveverde.es\/#organization\",\"name\":\"ViveVerde\",\"url\":\"https:\/\/viveverde.es\/\",\"logo\":{\"@type\":\"ImageObject\",\"inLanguage\":\"en-GB\",\"@id\":\"https:\/\/viveverde.es\/#\/schema\/logo\/image\/\",\"url\":\"https:\/\/viveverde.es\/wp-content\/uploads\/2024\/06\/Vectorizado-06-1.png\",\"contentUrl\":\"https:\/\/viveverde.es\/wp-content\/uploads\/2024\/06\/Vectorizado-06-1.png\",\"width\":354,\"height\":150,\"caption\":\"ViveVerde\"},\"image\":{\"@id\":\"https:\/\/viveverde.es\/#\/schema\/logo\/image\/\"}}]}<\/script>\n<!-- \/ Yoast SEO plugin. -->","yoast_head_json":{"title":"Taller de Plantas f\u00e1ciles de cuidar - ViveVerde","robots":{"index":"index","follow":"follow","max-snippet":"max-snippet:-1","max-image-preview":"max-image-preview:large","max-video-preview":"max-video-preview:-1"},"canonical":"https:\/\/viveverde.es\/en\/product\/taller-de-plantas-faciles-de-cuidar\/","og_locale":"en_GB","og_type":"article","og_title":"Taller de Plantas f\u00e1ciles de cuidar - ViveVerde","og_description":"Hay plantas que pr\u00e1cticamente se cuidan solas. El secreto est\u00e1 en elegir bien y saber lo b\u00e1sico. Este taller te ense\u00f1a a hacer exactamente eso, sin conocimientos previos ni complicaciones. \u00bfQu\u00e9 aprender\u00e1s?    C\u00f3mo elegir las plantas m\u00e1s resistentes para tu casa, balc\u00f3n o terraza  Rutinas de cuidado simples que cualquiera puede seguir  C\u00f3mo prevenir plagas antes de que lleguen  Sustrato y riego: lo \u00fanico que necesitas saber para empezar bien  Detalles del taller:    \ud83d\udcc5 Jueves 21 de Mayo de 2026  \u23f0 De 17:00 a 18:30 h (1,5 horas)  \ud83d\udccd ViveVerde \u2013 Antigua Ctra. de Andaluc\u00eda km 43.1, Aranjuez, Madrid  \ud83d\udc65 12\u201315 plazas (aforo muy limitado)  \ud83d\udcb6 GRATUITO \u2014 La reserva tiene un coste de 5\u20ac, que podr\u00e1s recuperar \u00edntegramente en tu pr\u00f3xima compra en ViveVerde, sin importe m\u00ednimo.  Impartido en colaboraci\u00f3n con Flower. Especialmente recomendado para quienes se inician con las plantas.","og_url":"https:\/\/viveverde.es\/en\/product\/taller-de-plantas-faciles-de-cuidar\/","og_site_name":"ViveVerde","article_modified_time":"2026-04-23T20:31:39+00:00","og_image":[{"width":819,"height":1024,"url":"https:\/\/viveverde.es\/wp-content\/uploads\/2026\/04\/ChatGPT-Image-23-abr-2026-00_01_17-819x1024.png","type":"image\/png"}],"twitter_card":"summary_large_image","twitter_misc":{"Estimated reading time":"1 minute"},"schema":{"@context":"https:\/\/schema.org","@graph":[{"@type":"WebPage","@id":"https:\/\/viveverde.es\/product\/taller-de-plantas-faciles-de-cuidar\/","url":"https:\/\/viveverde.es\/product\/taller-de-plantas-faciles-de-cuidar\/","name":"Taller de Plantas f\u00e1ciles de cuidar - ViveVerde","isPartOf":{"@id":"https:\/\/viveverde.es\/#website"},"primaryImageOfPage":{"@id":"https:\/\/viveverde.es\/product\/taller-de-plantas-faciles-de-cuidar\/#primaryimage"},"image":{"@id":"https:\/\/viveverde.es\/product\/taller-de-plantas-faciles-de-cuidar\/#primaryimage"},"thumbnailUrl":"https:\/\/viveverde.es\/wp-content\/uploads\/2026\/04\/ChatGPT-Image-23-abr-2026-00_01_17.png","datePublished":"2026-04-23T20:28:14+00:00","dateModified":"2026-04-23T20:31:39+00:00","breadcrumb":{"@id":"https:\/\/viveverde.es\/product\/taller-de-plantas-faciles-de-cuidar\/#breadcrumb"},"inLanguage":"en-GB","potentialAction":[{"@type":"ReadAction","target":["https:\/\/viveverde.es\/product\/taller-de-plantas-faciles-de-cuidar\/"]}]},{"@type":"ImageObject","inLanguage":"en-GB","@id":"https:\/\/viveverde.es\/product\/taller-de-plantas-faciles-de-cuidar\/#primaryimage","url":"https:\/\/viveverde.es\/wp-content\/uploads\/2026\/04\/ChatGPT-Image-23-abr-2026-00_01_17.png","contentUrl":"https:\/\/viveverde.es\/wp-content\/uploads\/2026\/04\/ChatGPT-Image-23-abr-2026-00_01_17.png","width":1122,"height":1402},{"@type":"BreadcrumbList","@id":"https:\/\/viveverde.es\/product\/taller-de-plantas-faciles-de-cuidar\/#breadcrumb","itemListElement":[{"@type":"ListItem","position":1,"name":"Portada","item":"https:\/\/viveverde.es\/"},{"@type":"ListItem","position":2,"name":"Talleres","item":"https:\/\/viveverde.es\/talleres\/"},{"@type":"ListItem","position":3,"name":"Taller de Plantas f\u00e1ciles de cuidar"}]},{"@type":"WebSite","@id":"https:\/\/viveverde.es\/#website","url":"https:\/\/viveverde.es\/","name":"ViveVerde","description":"","publisher":{"@id":"https:\/\/viveverde.es\/#organization"},"potentialAction":[{"@type":"SearchAction","target":{"@type":"EntryPoint","urlTemplate":"https:\/\/viveverde.es\/?s={search_term_string}"},"query-input":{"@type":"PropertyValueSpecification","valueRequired":true,"valueName":"search_term_string"}}],"inLanguage":"en-GB"},{"@type":"Organization","@id":"https:\/\/viveverde.es\/#organization","name":"ViveVerde","url":"https:\/\/viveverde.es\/","logo":{"@type":"ImageObject","inLanguage":"en-GB","@id":"https:\/\/viveverde.es\/#\/schema\/logo\/image\/","url":"https:\/\/viveverde.es\/wp-content\/uploads\/2024\/06\/Vectorizado-06-1.png","contentUrl":"https:\/\/viveverde.es\/wp-content\/uploads\/2024\/06\/Vectorizado-06-1.png","width":354,"height":150,"caption":"ViveVerde"},"image":{"@id":"https:\/\/viveverde.es\/#\/schema\/logo\/image\/"}}]}},"jetpack_sharing_enabled":true,"_links":{"self":[{"href":"https:\/\/viveverde.es\/en\/wp-json\/wp\/v2\/product\/988299"}],"collection":[{"href":"https:\/\/viveverde.es\/en\/wp-json\/wp\/v2\/product"}],"about":[{"href":"https:\/\/viveverde.es\/en\/wp-json\/wp\/v2\/types\/product"}],"wp:featuredmedia":[{"embeddable":true,"href":"https:\/\/viveverde.es\/en\/wp-json\/wp\/v2\/media\/988300"}],"wp:attachment":[{"href":"https:\/\/viveverde.es\/en\/wp-json\/wp\/v2\/media?parent=988299"}],"wp:term":[{"taxonomy":"product_cat","embeddable":true,"href":"https:\/\/viveverde.es\/en\/wp-json\/wp\/v2\/product_cat?post=988299"},{"taxonomy":"product_tag","embeddable":true,"href":"https:\/\/viveverde.es\/en\/wp-json\/wp\/v2\/product_tag?post=988299"}],"curies":[{"name":"wp","href":"https:\/\/api.w.org\/{rel}","templated":true}]}}