{"id":988254,"date":"2026-04-07T23:43:13","date_gmt":"2026-04-07T21:43:13","guid":{"rendered":"https:\/\/viveverde.es\/?post_type=product&#038;p=988254"},"modified":"2026-04-17T15:19:00","modified_gmt":"2026-04-17T13:19:00","slug":"taller-de-huerto-urbano","status":"publish","type":"product","link":"https:\/\/viveverde.es\/en\/product\/taller-de-huerto-urbano\/","title":{"rendered":"Taller de Huerto Urbano"},"content":{"rendered":"<div class=\"vgblk-rw-wrapper limit-wrapper\">\n<p data-start=\"588\" data-end=\"811\"><strong>\u00bfTe gustar\u00eda tener tu propio huerto en casa pero no sabes por d\u00f3nde empezar?<\/strong><\/p>\n<p data-start=\"588\" data-end=\"811\">En este taller pr\u00e1ctico aprender\u00e1s todo lo necesario para montar tu huerto urbano de forma sencilla y con resultados reales desde el primer d\u00eda.<\/p>\n<h2 data-section-id=\"1wdwhhk\" data-start=\"818\" data-end=\"844\"><strong>\u00bfQu\u00e9 vas a aprender?<\/strong><\/h2>\n<p data-start=\"846\" data-end=\"1071\">\u2714 C\u00f3mo montar tu huerto desde cero paso a paso<br data-start=\"892\" data-end=\"895\" \/>\u2714 Qu\u00e9 plantar seg\u00fan la \u00e9poca para asegurar buenos resultados<br data-start=\"955\" data-end=\"958\" \/>\u2714 C\u00f3mo evitar errores comunes y prevenir plagas<br data-start=\"1005\" data-end=\"1008\" \/>\u2714 T\u00e9cnicas y consejos profesionales para mejorar tus cultivos<\/p>\n<h2 data-section-id=\"1ecfmct\" data-start=\"1078\" data-end=\"1111\"><strong>\u00bfPara qui\u00e9n es este taller?<\/strong><\/h2>\n<p data-start=\"1113\" data-end=\"1145\">Este taller es ideal para ti si:<\/p>\n<p data-start=\"1147\" data-end=\"1336\">\ud83c\udf3f Quieres empezar tu huerto en casa con \u00e9xito desde el primer d\u00eda<br data-start=\"1213\" data-end=\"1216\" \/>\ud83c\udf31 Buscas orientaci\u00f3n clara sin complicaciones<br data-start=\"1262\" data-end=\"1265\" \/>\ud83e\udeb4 Quieres aprovechar mejor tus plantas y obtener cosechas saludables<\/p>\n<h2 data-section-id=\"e9lhjk\" data-start=\"1343\" data-end=\"1368\"><\/h2>\n<h2 data-section-id=\"e9lhjk\" data-start=\"1343\" data-end=\"1368\">Detalles del taller:<\/h2>\n<ul data-start=\"1370\" data-end=\"1493\">\n<li data-section-id=\"syy28j\" data-start=\"1370\" data-end=\"1403\"><strong data-start=\"1372\" data-end=\"1382\">Fecha:<\/strong> Jueves 16 de abril<\/li>\n<li data-section-id=\"syy28j\" data-start=\"1370\" data-end=\"1403\"><strong>Hora:<\/strong> de 17:30 a 18:30<\/li>\n<li data-section-id=\"1scbuqc\" data-start=\"1404\" data-end=\"1434\"><strong data-start=\"1406\" data-end=\"1417\">Plazas:<\/strong> 12\u201315 personas<\/li>\n<li data-section-id=\"od2uc4\" data-start=\"1435\" data-end=\"1493\"><strong data-start=\"1437\" data-end=\"1456\">Precio reserva:<\/strong> 5\u20ac (canjeable en compra en tienda)<\/li>\n<\/ul>\n<h2 data-section-id=\"unn992\" data-start=\"1500\" data-end=\"1521\"><\/h2>\n<h2 data-section-id=\"unn992\" data-start=\"1500\" data-end=\"1521\">\ud83d\uded2 <strong>Beneficio extra<\/strong><\/h2>\n<p data-start=\"1523\" data-end=\"1691\">Adem\u00e1s del aprendizaje, podr\u00e1s aplicar lo aprendido directamente en tienda, eligiendo los productos adecuados (sustratos, abonos, etc.) con asesoramiento personalizado.<\/p>\n<h2 data-section-id=\"17z86v2\" data-start=\"1698\" data-end=\"1713\">\ud83d\udccd Ubicaci\u00f3n<\/h2>\n<p data-start=\"1715\" data-end=\"1777\">Antigua Ctra. de Andaluc\u00eda, km 43.1<br data-start=\"1750\" data-end=\"1753\" \/>28300 Aranjuez, Madrid<\/p>\n<p data-start=\"1779\" data-end=\"1796\">\ud83d\udcde 91 875 49 58<\/p>\n<h2 data-section-id=\"1ubs207\" data-start=\"1803\" data-end=\"1824\">\u26a1 Reserva tu plaza<\/h2>\n<p data-start=\"1826\" data-end=\"1898\">Las plazas son limitadas, as\u00ed que te recomendamos reservar cuanto antes.<\/p>\n<p data-start=\"1900\" data-end=\"1950\">\ud83d\udc49 Reserva ahora y empieza tu huerto con garant\u00edas<\/p>\n<\/div>\n<p><!-- .vgblk-rw-wrapper --><\/p>","protected":false},"excerpt":{"rendered":"<p><strong>Aprende a crear tu propio huerto urbano desde cero en este taller pr\u00e1ctico. <\/strong><\/p>\n<p>&nbsp;<\/p>\n<p><strong>\u00bfQu\u00e9 vas a aprender?<\/strong><\/p>\n<p>\u2714 C\u00f3mo montar tu huerto desde cero paso a paso<br data-start=\"892\" data-end=\"895\" \/>\u2714 Qu\u00e9 plantar seg\u00fan la \u00e9poca para asegurar buenos resultados<br data-start=\"955\" data-end=\"958\" \/>\u2714 C\u00f3mo evitar errores comunes y prevenir plagas<br data-start=\"1005\" data-end=\"1008\" \/>\u2714 T\u00e9cnicas y consejos profesionales para mejorar tus cultivos<\/p>\n<p>&nbsp;<\/p>\n<p><strong>\u00bfPara qui\u00e9n es este taller?<\/strong><\/p>\n<p>Este taller es ideal para ti si:<\/p>\n<p>\ud83c\udf3f Quieres empezar tu huerto en casa con \u00e9xito desde el primer d\u00eda<br data-start=\"1213\" data-end=\"1216\" \/>\ud83c\udf31 Buscas orientaci\u00f3n clara sin complicaciones<br data-start=\"1262\" data-end=\"1265\" \/>\ud83e\udeb4 Quieres aprovechar mejor tus plantas y obtener cosechas saludables<\/p>\n<h2 data-section-id=\"e9lhjk\" data-start=\"1343\" data-end=\"1368\"><\/h2>\n<p>Detalles del taller:<\/p>\n<ul data-start=\"1370\" data-end=\"1493\">\n<li data-section-id=\"syy28j\" data-start=\"1370\" data-end=\"1403\"><strong data-start=\"1372\" data-end=\"1382\">Fecha:<\/strong> Jueves 16 de abril<\/li>\n<li><strong>Hora:<\/strong> de 17:30 a 18:30<\/li>\n<li data-section-id=\"1scbuqc\" data-start=\"1404\" data-end=\"1434\"><strong data-start=\"1406\" data-end=\"1417\">Plazas:<\/strong> 12\u201315 personas<\/li>\n<li data-section-id=\"od2uc4\" data-start=\"1435\" data-end=\"1493\"><strong data-start=\"1437\" data-end=\"1456\">Precio reserva:<\/strong> 5\u20ac (canjeable en compra en tienda)<\/li>\n<\/ul>","protected":false},"featured_media":988261,"template":"","meta":{"inline_featured_image":false},"product_cat":[89],"product_tag":[],"yoast_head":"<!-- This site is optimized with the Yoast SEO plugin v24.5 - https:\/\/yoast.com\/wordpress\/plugins\/seo\/ -->\n<title>Taller de Huerto Urbano - ViveVerde<\/title>\n<meta name=\"robots\" content=\"index, follow, max-snippet:-1, max-image-preview:large, max-video-preview:-1\" \/>\n<link rel=\"canonical\" href=\"https:\/\/viveverde.es\/en\/product\/taller-de-huerto-urbano\/\" \/>\n<meta property=\"og:locale\" content=\"en_GB\" \/>\n<meta property=\"og:type\" content=\"article\" \/>\n<meta property=\"og:title\" content=\"Taller de Huerto Urbano - ViveVerde\" \/>\n<meta property=\"og:description\" content=\"Aprende a crear tu propio huerto urbano desde cero en este taller pr\u00e1ctico.   &nbsp;  \u00bfQu\u00e9 vas a aprender?  \u2714 C\u00f3mo montar tu huerto desde cero paso a paso\u2714 Qu\u00e9 plantar seg\u00fan la \u00e9poca para asegurar buenos resultados\u2714 C\u00f3mo evitar errores comunes y prevenir plagas\u2714 T\u00e9cnicas y consejos profesionales para mejorar tus cultivos  &nbsp;  \u00bfPara qui\u00e9n es este taller?  Este taller es ideal para ti si:  \ud83c\udf3f Quieres empezar tu huerto en casa con \u00e9xito desde el primer d\u00eda\ud83c\udf31 Buscas orientaci\u00f3n clara sin complicaciones\ud83e\udeb4 Quieres aprovechar mejor tus plantas y obtener cosechas saludables  Detalles del taller:   Fecha: Jueves 16 de abril  Hora: de 17:30 a 18:30  Plazas: 12\u201315 personas  Precio reserva: 5\u20ac (canjeable en compra en tienda)\" \/>\n<meta property=\"og:url\" content=\"https:\/\/viveverde.es\/en\/product\/taller-de-huerto-urbano\/\" \/>\n<meta property=\"og:site_name\" content=\"ViveVerde\" \/>\n<meta property=\"article:modified_time\" content=\"2026-04-17T13:19:00+00:00\" \/>\n<meta property=\"og:image\" content=\"https:\/\/viveverde.es\/wp-content\/uploads\/2026\/04\/Taller-de-huerto-urbano-en-casa-683x1024.png\" \/>\n\t<meta property=\"og:image:width\" content=\"683\" \/>\n\t<meta property=\"og:image:height\" content=\"1024\" \/>\n\t<meta property=\"og:image:type\" content=\"image\/png\" \/>\n<meta name=\"twitter:card\" content=\"summary_large_image\" \/>\n<meta name=\"twitter:label1\" content=\"Estimated reading time\" \/>\n\t<meta name=\"twitter:data1\" content=\"2 minutes\" \/>\n<script type=\"application\/ld+json\" class=\"yoast-schema-graph\">{\"@context\":\"https:\/\/schema.org\",\"@graph\":[{\"@type\":\"WebPage\",\"@id\":\"https:\/\/viveverde.es\/product\/taller-de-huerto-urbano\/\",\"url\":\"https:\/\/viveverde.es\/product\/taller-de-huerto-urbano\/\",\"name\":\"Taller de Huerto Urbano - ViveVerde\",\"isPartOf\":{\"@id\":\"https:\/\/viveverde.es\/#website\"},\"primaryImageOfPage\":{\"@id\":\"https:\/\/viveverde.es\/product\/taller-de-huerto-urbano\/#primaryimage\"},\"image\":{\"@id\":\"https:\/\/viveverde.es\/product\/taller-de-huerto-urbano\/#primaryimage\"},\"thumbnailUrl\":\"https:\/\/viveverde.es\/wp-content\/uploads\/2026\/04\/Taller-de-huerto-urbano-en-casa.png\",\"datePublished\":\"2026-04-07T21:43:13+00:00\",\"dateModified\":\"2026-04-17T13:19:00+00:00\",\"breadcrumb\":{\"@id\":\"https:\/\/viveverde.es\/product\/taller-de-huerto-urbano\/#breadcrumb\"},\"inLanguage\":\"en-GB\",\"potentialAction\":[{\"@type\":\"ReadAction\",\"target\":[\"https:\/\/viveverde.es\/product\/taller-de-huerto-urbano\/\"]}]},{\"@type\":\"ImageObject\",\"inLanguage\":\"en-GB\",\"@id\":\"https:\/\/viveverde.es\/product\/taller-de-huerto-urbano\/#primaryimage\",\"url\":\"https:\/\/viveverde.es\/wp-content\/uploads\/2026\/04\/Taller-de-huerto-urbano-en-casa.png\",\"contentUrl\":\"https:\/\/viveverde.es\/wp-content\/uploads\/2026\/04\/Taller-de-huerto-urbano-en-casa.png\",\"width\":1024,\"height\":1536},{\"@type\":\"BreadcrumbList\",\"@id\":\"https:\/\/viveverde.es\/product\/taller-de-huerto-urbano\/#breadcrumb\",\"itemListElement\":[{\"@type\":\"ListItem\",\"position\":1,\"name\":\"Portada\",\"item\":\"https:\/\/viveverde.es\/\"},{\"@type\":\"ListItem\",\"position\":2,\"name\":\"Talleres\",\"item\":\"https:\/\/viveverde.es\/talleres\/\"},{\"@type\":\"ListItem\",\"position\":3,\"name\":\"Taller de Huerto Urbano\"}]},{\"@type\":\"WebSite\",\"@id\":\"https:\/\/viveverde.es\/#website\",\"url\":\"https:\/\/viveverde.es\/\",\"name\":\"ViveVerde\",\"description\":\"\",\"publisher\":{\"@id\":\"https:\/\/viveverde.es\/#organization\"},\"potentialAction\":[{\"@type\":\"SearchAction\",\"target\":{\"@type\":\"EntryPoint\",\"urlTemplate\":\"https:\/\/viveverde.es\/?s={search_term_string}\"},\"query-input\":{\"@type\":\"PropertyValueSpecification\",\"valueRequired\":true,\"valueName\":\"search_term_string\"}}],\"inLanguage\":\"en-GB\"},{\"@type\":\"Organization\",\"@id\":\"https:\/\/viveverde.es\/#organization\",\"name\":\"ViveVerde\",\"url\":\"https:\/\/viveverde.es\/\",\"logo\":{\"@type\":\"ImageObject\",\"inLanguage\":\"en-GB\",\"@id\":\"https:\/\/viveverde.es\/#\/schema\/logo\/image\/\",\"url\":\"https:\/\/viveverde.es\/wp-content\/uploads\/2024\/06\/Vectorizado-06-1.png\",\"contentUrl\":\"https:\/\/viveverde.es\/wp-content\/uploads\/2024\/06\/Vectorizado-06-1.png\",\"width\":354,\"height\":150,\"caption\":\"ViveVerde\"},\"image\":{\"@id\":\"https:\/\/viveverde.es\/#\/schema\/logo\/image\/\"}}]}<\/script>\n<!-- \/ Yoast SEO plugin. -->","yoast_head_json":{"title":"Taller de Huerto Urbano - ViveVerde","robots":{"index":"index","follow":"follow","max-snippet":"max-snippet:-1","max-image-preview":"max-image-preview:large","max-video-preview":"max-video-preview:-1"},"canonical":"https:\/\/viveverde.es\/en\/product\/taller-de-huerto-urbano\/","og_locale":"en_GB","og_type":"article","og_title":"Taller de Huerto Urbano - ViveVerde","og_description":"Aprende a crear tu propio huerto urbano desde cero en este taller pr\u00e1ctico.   &nbsp;  \u00bfQu\u00e9 vas a aprender?  \u2714 C\u00f3mo montar tu huerto desde cero paso a paso\u2714 Qu\u00e9 plantar seg\u00fan la \u00e9poca para asegurar buenos resultados\u2714 C\u00f3mo evitar errores comunes y prevenir plagas\u2714 T\u00e9cnicas y consejos profesionales para mejorar tus cultivos  &nbsp;  \u00bfPara qui\u00e9n es este taller?  Este taller es ideal para ti si:  \ud83c\udf3f Quieres empezar tu huerto en casa con \u00e9xito desde el primer d\u00eda\ud83c\udf31 Buscas orientaci\u00f3n clara sin complicaciones\ud83e\udeb4 Quieres aprovechar mejor tus plantas y obtener cosechas saludables  Detalles del taller:   Fecha: Jueves 16 de abril  Hora: de 17:30 a 18:30  Plazas: 12\u201315 personas  Precio reserva: 5\u20ac (canjeable en compra en tienda)","og_url":"https:\/\/viveverde.es\/en\/product\/taller-de-huerto-urbano\/","og_site_name":"ViveVerde","article_modified_time":"2026-04-17T13:19:00+00:00","og_image":[{"width":683,"height":1024,"url":"https:\/\/viveverde.es\/wp-content\/uploads\/2026\/04\/Taller-de-huerto-urbano-en-casa-683x1024.png","type":"image\/png"}],"twitter_card":"summary_large_image","twitter_misc":{"Estimated reading time":"2 minutes"},"schema":{"@context":"https:\/\/schema.org","@graph":[{"@type":"WebPage","@id":"https:\/\/viveverde.es\/product\/taller-de-huerto-urbano\/","url":"https:\/\/viveverde.es\/product\/taller-de-huerto-urbano\/","name":"Taller de Huerto Urbano - ViveVerde","isPartOf":{"@id":"https:\/\/viveverde.es\/#website"},"primaryImageOfPage":{"@id":"https:\/\/viveverde.es\/product\/taller-de-huerto-urbano\/#primaryimage"},"image":{"@id":"https:\/\/viveverde.es\/product\/taller-de-huerto-urbano\/#primaryimage"},"thumbnailUrl":"https:\/\/viveverde.es\/wp-content\/uploads\/2026\/04\/Taller-de-huerto-urbano-en-casa.png","datePublished":"2026-04-07T21:43:13+00:00","dateModified":"2026-04-17T13:19:00+00:00","breadcrumb":{"@id":"https:\/\/viveverde.es\/product\/taller-de-huerto-urbano\/#breadcrumb"},"inLanguage":"en-GB","potentialAction":[{"@type":"ReadAction","target":["https:\/\/viveverde.es\/product\/taller-de-huerto-urbano\/"]}]},{"@type":"ImageObject","inLanguage":"en-GB","@id":"https:\/\/viveverde.es\/product\/taller-de-huerto-urbano\/#primaryimage","url":"https:\/\/viveverde.es\/wp-content\/uploads\/2026\/04\/Taller-de-huerto-urbano-en-casa.png","contentUrl":"https:\/\/viveverde.es\/wp-content\/uploads\/2026\/04\/Taller-de-huerto-urbano-en-casa.png","width":1024,"height":1536},{"@type":"BreadcrumbList","@id":"https:\/\/viveverde.es\/product\/taller-de-huerto-urbano\/#breadcrumb","itemListElement":[{"@type":"ListItem","position":1,"name":"Portada","item":"https:\/\/viveverde.es\/"},{"@type":"ListItem","position":2,"name":"Talleres","item":"https:\/\/viveverde.es\/talleres\/"},{"@type":"ListItem","position":3,"name":"Taller de Huerto Urbano"}]},{"@type":"WebSite","@id":"https:\/\/viveverde.es\/#website","url":"https:\/\/viveverde.es\/","name":"ViveVerde","description":"","publisher":{"@id":"https:\/\/viveverde.es\/#organization"},"potentialAction":[{"@type":"SearchAction","target":{"@type":"EntryPoint","urlTemplate":"https:\/\/viveverde.es\/?s={search_term_string}"},"query-input":{"@type":"PropertyValueSpecification","valueRequired":true,"valueName":"search_term_string"}}],"inLanguage":"en-GB"},{"@type":"Organization","@id":"https:\/\/viveverde.es\/#organization","name":"ViveVerde","url":"https:\/\/viveverde.es\/","logo":{"@type":"ImageObject","inLanguage":"en-GB","@id":"https:\/\/viveverde.es\/#\/schema\/logo\/image\/","url":"https:\/\/viveverde.es\/wp-content\/uploads\/2024\/06\/Vectorizado-06-1.png","contentUrl":"https:\/\/viveverde.es\/wp-content\/uploads\/2024\/06\/Vectorizado-06-1.png","width":354,"height":150,"caption":"ViveVerde"},"image":{"@id":"https:\/\/viveverde.es\/#\/schema\/logo\/image\/"}}]}},"jetpack_sharing_enabled":true,"_links":{"self":[{"href":"https:\/\/viveverde.es\/en\/wp-json\/wp\/v2\/product\/988254"}],"collection":[{"href":"https:\/\/viveverde.es\/en\/wp-json\/wp\/v2\/product"}],"about":[{"href":"https:\/\/viveverde.es\/en\/wp-json\/wp\/v2\/types\/product"}],"wp:featuredmedia":[{"embeddable":true,"href":"https:\/\/viveverde.es\/en\/wp-json\/wp\/v2\/media\/988261"}],"wp:attachment":[{"href":"https:\/\/viveverde.es\/en\/wp-json\/wp\/v2\/media?parent=988254"}],"wp:term":[{"taxonomy":"product_cat","embeddable":true,"href":"https:\/\/viveverde.es\/en\/wp-json\/wp\/v2\/product_cat?post=988254"},{"taxonomy":"product_tag","embeddable":true,"href":"https:\/\/viveverde.es\/en\/wp-json\/wp\/v2\/product_tag?post=988254"}],"curies":[{"name":"wp","href":"https:\/\/api.w.org\/{rel}","templated":true}]}}