{"id":987914,"date":"2025-03-10T15:47:17","date_gmt":"2025-03-10T14:47:17","guid":{"rendered":"https:\/\/viveverde.es\/?post_type=product&#038;p=987914"},"modified":"2026-04-17T15:19:17","modified_gmt":"2026-04-17T13:19:17","slug":"taller-plantas-para-iniciarte-nivel-cero","status":"publish","type":"product","link":"https:\/\/viveverde.es\/en\/product\/taller-plantas-para-iniciarte-nivel-cero\/","title":{"rendered":"Taller: In\u00edciate en las plantas de interior"},"content":{"rendered":"<div class=\"vgblk-rw-wrapper limit-wrapper\"><strong>\u00bfSiempre has querido tener plantas, pero no sabes por d\u00f3nde empezar? \ud83c\udf3f<br \/>\n<\/strong><br \/>\nEste taller est\u00e1 pensado para ti: sencillo, pr\u00e1ctico y perfecto para quienes a\u00fan no se atreven a comenzar.<\/p>\n<p><span class=\"font-semibold\" data-streamdown=\"strong\">Qu\u00e9 aprender\u00e1s:<\/span><\/p>\n<ul class=\"list-inside list-disc whitespace-normal [li_&amp;]:pl-6\" data-streamdown=\"unordered-list\">\n<li class=\"py-1 [&amp;&gt;p]:inline\" data-streamdown=\"list-item\">Qu\u00e9 plantas elegir si est\u00e1s empezando<\/li>\n<li class=\"py-1 [&amp;&gt;p]:inline\" data-streamdown=\"list-item\">Rutinas simples y sostenibles de cuidado<\/li>\n<li class=\"py-1 [&amp;&gt;p]:inline\" data-streamdown=\"list-item\">Qu\u00e9 NO hacer con una planta (errores m\u00e1s comunes)<\/li>\n<li class=\"py-1 [&amp;&gt;p]:inline\" data-streamdown=\"list-item\">Cuidados b\u00e1sicos esenciales<\/li>\n<\/ul>\n<p><span class=\"font-semibold\" data-streamdown=\"strong\">Parte pr\u00e1ctica:<\/span><\/p>\n<ul class=\"list-inside list-disc whitespace-normal [li_&amp;]:pl-6\" data-streamdown=\"unordered-list\">\n<li class=\"py-1 [&amp;&gt;p]:inline\" data-streamdown=\"list-item\">Elecci\u00f3n de tu primera planta<\/li>\n<li class=\"py-1 [&amp;&gt;p]:inline\" data-streamdown=\"list-item\">Explicaci\u00f3n personalizada seg\u00fan la especie y tus condiciones de casa<\/li>\n<\/ul>\n<p><span class=\"font-semibold\" data-streamdown=\"strong\">Incluye:<\/span><\/p>\n<ul class=\"list-inside list-disc whitespace-normal [li_&amp;]:pl-6\" data-streamdown=\"unordered-list\">\n<li class=\"py-1 [&amp;&gt;p]:inline\" data-streamdown=\"list-item\">Dossier personalizado con los cuidados espec\u00edficos de cada planta<\/li>\n<li class=\"py-1 [&amp;&gt;p]:inline\" data-streamdown=\"list-item\">Plantas resistentes ideales para principiantes <em><em>(ej. pothos, scindapsus y monstera)<\/em><\/em><\/li>\n<\/ul>\n<p><strong>\ud83d\udcc5 <span class=\"font-semibold\" data-streamdown=\"strong\">Domingo 12 de abril<\/span><\/strong><br \/>\n<strong>\ud83d\udd5b <span class=\"font-semibold\" data-streamdown=\"strong\">De 12:00 a 13:00<\/span><\/strong><br \/>\n\ud83d\udccd <span class=\"font-semibold\" data-streamdown=\"strong\">Presencial<\/span><br \/>\n\ud83d\udcb8 <span class=\"font-semibold\" data-streamdown=\"strong\">Precio: 15 \u20ac<\/span><br \/>\n\u270b <span class=\"font-semibold\" data-streamdown=\"strong\">Plazas limitadas<\/span><\/p>\n<p>\ud83c\udf3c \u00a1Empieza tu aventura verde con confianza y sin complicaciones!<\/p>\n<p><strong>Direcci\u00f3n del taller:<\/strong><\/p>\n<p><strong><span class=\"a_GcMg font-feature-liga-off font-feature-clig-off font-feature-calt-off text-decoration-none text-strikethrough-none\">Antigua Crta. Andaluc\u00eda km.43, 100<\/span><\/strong><\/p>\n<p class=\"cvGsUA direction-ltr align-start para-style-body\"><span class=\"a_GcMg font-feature-liga-off font-feature-clig-off font-feature-calt-off text-decoration-none text-strikethrough-none\">Pol. Ind. del Autom\u00f3vil<\/span><\/p>\n<p class=\"cvGsUA direction-ltr align-start para-style-body\"><span class=\"a_GcMg font-feature-liga-off font-feature-clig-off font-feature-calt-off text-decoration-none text-strikethrough-none\">28300 <\/span><span class=\"a_GcMg font-feature-liga-off font-feature-clig-off font-feature-calt-off text-decoration-none text-strikethrough-none\"><strong>Aranjuez<\/strong> (Madrid)<\/span><\/p>\n<\/div>\n<p><!-- .vgblk-rw-wrapper --><\/p>\n","protected":false},"excerpt":{"rendered":"<p><strong>\u00bfSue\u00f1as con tener plantas pero piensas que no se te dan bien? Este taller es tu punto de partida.<br \/>\n<\/strong><br \/>\nAprende paso a paso c\u00f3mo elegir, cuidar y mantener plantas f\u00e1ciles y resistentes, sin agobios ni tecnicismos.<\/p>\n<p>En una hora tendr\u00e1s claridad, pr\u00e1ctica real y tu propio <span class=\"font-semibold\" data-streamdown=\"strong\">dossier personalizado<\/span> para cuidar tu primera planta con \u00e9xito.<\/p>\n<p>&nbsp;<\/p>\n<p>\ud83d\udcc5 <strong>Domingo 12 de abril | 12:00\u201313:00<\/strong><\/p>\n<p>\ud83d\udcb0 15 \u20ac | \ud83c\udf9f\ufe0f Plazas limitadas | \ud83d\udc69\u200d\ud83c\udfeb Presencial<\/p>\n<p>\ud83e\udeb4 \u00a1Atr\u00e9vete a empezar en el mundo de las plantas sin miedo a fallar!<\/p>","protected":false},"featured_media":988243,"template":"","meta":{"inline_featured_image":false},"product_cat":[89],"product_tag":[],"yoast_head":"<!-- This site is optimized with the Yoast SEO plugin v24.5 - https:\/\/yoast.com\/wordpress\/plugins\/seo\/ -->\n<title>Taller: In\u00edciate en las plantas de interior - ViveVerde<\/title>\n<meta name=\"robots\" content=\"index, follow, max-snippet:-1, max-image-preview:large, max-video-preview:-1\" \/>\n<link rel=\"canonical\" href=\"https:\/\/viveverde.es\/en\/product\/taller-plantas-para-iniciarte-nivel-cero\/\" \/>\n<meta property=\"og:locale\" content=\"en_GB\" \/>\n<meta property=\"og:type\" content=\"article\" \/>\n<meta property=\"og:title\" content=\"Taller: In\u00edciate en las plantas de interior - ViveVerde\" \/>\n<meta property=\"og:description\" content=\"\u00bfSue\u00f1as con tener plantas pero piensas que no se te dan bien? Este taller es tu punto de partida.  Aprende paso a paso c\u00f3mo elegir, cuidar y mantener plantas f\u00e1ciles y resistentes, sin agobios ni tecnicismos.  En una hora tendr\u00e1s claridad, pr\u00e1ctica real y tu propio dossier personalizado para cuidar tu primera planta con \u00e9xito.  &nbsp;  \ud83d\udcc5 Domingo 12 de abril | 12:00\u201313:00  \ud83d\udcb0 15 \u20ac | \ud83c\udf9f\ufe0f Plazas limitadas | \ud83d\udc69\u200d\ud83c\udfeb Presencial  \ud83e\udeb4 \u00a1Atr\u00e9vete a empezar en el mundo de las plantas sin miedo a fallar!\" \/>\n<meta property=\"og:url\" content=\"https:\/\/viveverde.es\/en\/product\/taller-plantas-para-iniciarte-nivel-cero\/\" \/>\n<meta property=\"og:site_name\" content=\"ViveVerde\" \/>\n<meta property=\"article:modified_time\" content=\"2026-04-17T13:19:17+00:00\" \/>\n<meta property=\"og:image\" content=\"https:\/\/viveverde.es\/wp-content\/uploads\/2025\/03\/Taller-1-def-iniciate-con-las-plantas-819x1024.png\" \/>\n\t<meta property=\"og:image:width\" content=\"819\" \/>\n\t<meta property=\"og:image:height\" content=\"1024\" \/>\n\t<meta property=\"og:image:type\" content=\"image\/png\" \/>\n<meta name=\"twitter:card\" content=\"summary_large_image\" \/>\n<meta name=\"twitter:label1\" content=\"Estimated reading time\" \/>\n\t<meta name=\"twitter:data1\" content=\"1 minute\" \/>\n<script type=\"application\/ld+json\" class=\"yoast-schema-graph\">{\"@context\":\"https:\/\/schema.org\",\"@graph\":[{\"@type\":\"WebPage\",\"@id\":\"https:\/\/viveverde.es\/product\/taller-plantas-para-iniciarte-nivel-cero\/\",\"url\":\"https:\/\/viveverde.es\/product\/taller-plantas-para-iniciarte-nivel-cero\/\",\"name\":\"Taller: In\u00edciate en las plantas de interior - ViveVerde\",\"isPartOf\":{\"@id\":\"https:\/\/viveverde.es\/#website\"},\"primaryImageOfPage\":{\"@id\":\"https:\/\/viveverde.es\/product\/taller-plantas-para-iniciarte-nivel-cero\/#primaryimage\"},\"image\":{\"@id\":\"https:\/\/viveverde.es\/product\/taller-plantas-para-iniciarte-nivel-cero\/#primaryimage\"},\"thumbnailUrl\":\"https:\/\/viveverde.es\/wp-content\/uploads\/2025\/03\/Taller-1-def-iniciate-con-las-plantas.png\",\"datePublished\":\"2025-03-10T14:47:17+00:00\",\"dateModified\":\"2026-04-17T13:19:17+00:00\",\"breadcrumb\":{\"@id\":\"https:\/\/viveverde.es\/product\/taller-plantas-para-iniciarte-nivel-cero\/#breadcrumb\"},\"inLanguage\":\"en-GB\",\"potentialAction\":[{\"@type\":\"ReadAction\",\"target\":[\"https:\/\/viveverde.es\/product\/taller-plantas-para-iniciarte-nivel-cero\/\"]}]},{\"@type\":\"ImageObject\",\"inLanguage\":\"en-GB\",\"@id\":\"https:\/\/viveverde.es\/product\/taller-plantas-para-iniciarte-nivel-cero\/#primaryimage\",\"url\":\"https:\/\/viveverde.es\/wp-content\/uploads\/2025\/03\/Taller-1-def-iniciate-con-las-plantas.png\",\"contentUrl\":\"https:\/\/viveverde.es\/wp-content\/uploads\/2025\/03\/Taller-1-def-iniciate-con-las-plantas.png\",\"width\":1080,\"height\":1350},{\"@type\":\"BreadcrumbList\",\"@id\":\"https:\/\/viveverde.es\/product\/taller-plantas-para-iniciarte-nivel-cero\/#breadcrumb\",\"itemListElement\":[{\"@type\":\"ListItem\",\"position\":1,\"name\":\"Portada\",\"item\":\"https:\/\/viveverde.es\/\"},{\"@type\":\"ListItem\",\"position\":2,\"name\":\"Talleres\",\"item\":\"https:\/\/viveverde.es\/talleres\/\"},{\"@type\":\"ListItem\",\"position\":3,\"name\":\"Taller: In\u00edciate en las plantas de interior\"}]},{\"@type\":\"WebSite\",\"@id\":\"https:\/\/viveverde.es\/#website\",\"url\":\"https:\/\/viveverde.es\/\",\"name\":\"ViveVerde\",\"description\":\"\",\"publisher\":{\"@id\":\"https:\/\/viveverde.es\/#organization\"},\"potentialAction\":[{\"@type\":\"SearchAction\",\"target\":{\"@type\":\"EntryPoint\",\"urlTemplate\":\"https:\/\/viveverde.es\/?s={search_term_string}\"},\"query-input\":{\"@type\":\"PropertyValueSpecification\",\"valueRequired\":true,\"valueName\":\"search_term_string\"}}],\"inLanguage\":\"en-GB\"},{\"@type\":\"Organization\",\"@id\":\"https:\/\/viveverde.es\/#organization\",\"name\":\"ViveVerde\",\"url\":\"https:\/\/viveverde.es\/\",\"logo\":{\"@type\":\"ImageObject\",\"inLanguage\":\"en-GB\",\"@id\":\"https:\/\/viveverde.es\/#\/schema\/logo\/image\/\",\"url\":\"https:\/\/viveverde.es\/wp-content\/uploads\/2024\/06\/Vectorizado-06-1.png\",\"contentUrl\":\"https:\/\/viveverde.es\/wp-content\/uploads\/2024\/06\/Vectorizado-06-1.png\",\"width\":354,\"height\":150,\"caption\":\"ViveVerde\"},\"image\":{\"@id\":\"https:\/\/viveverde.es\/#\/schema\/logo\/image\/\"}}]}<\/script>\n<!-- \/ Yoast SEO plugin. -->","yoast_head_json":{"title":"Taller: In\u00edciate en las plantas de interior - ViveVerde","robots":{"index":"index","follow":"follow","max-snippet":"max-snippet:-1","max-image-preview":"max-image-preview:large","max-video-preview":"max-video-preview:-1"},"canonical":"https:\/\/viveverde.es\/en\/product\/taller-plantas-para-iniciarte-nivel-cero\/","og_locale":"en_GB","og_type":"article","og_title":"Taller: In\u00edciate en las plantas de interior - ViveVerde","og_description":"\u00bfSue\u00f1as con tener plantas pero piensas que no se te dan bien? Este taller es tu punto de partida.  Aprende paso a paso c\u00f3mo elegir, cuidar y mantener plantas f\u00e1ciles y resistentes, sin agobios ni tecnicismos.  En una hora tendr\u00e1s claridad, pr\u00e1ctica real y tu propio dossier personalizado para cuidar tu primera planta con \u00e9xito.  &nbsp;  \ud83d\udcc5 Domingo 12 de abril | 12:00\u201313:00  \ud83d\udcb0 15 \u20ac | \ud83c\udf9f\ufe0f Plazas limitadas | \ud83d\udc69\u200d\ud83c\udfeb Presencial  \ud83e\udeb4 \u00a1Atr\u00e9vete a empezar en el mundo de las plantas sin miedo a fallar!","og_url":"https:\/\/viveverde.es\/en\/product\/taller-plantas-para-iniciarte-nivel-cero\/","og_site_name":"ViveVerde","article_modified_time":"2026-04-17T13:19:17+00:00","og_image":[{"width":819,"height":1024,"url":"https:\/\/viveverde.es\/wp-content\/uploads\/2025\/03\/Taller-1-def-iniciate-con-las-plantas-819x1024.png","type":"image\/png"}],"twitter_card":"summary_large_image","twitter_misc":{"Estimated reading time":"1 minute"},"schema":{"@context":"https:\/\/schema.org","@graph":[{"@type":"WebPage","@id":"https:\/\/viveverde.es\/product\/taller-plantas-para-iniciarte-nivel-cero\/","url":"https:\/\/viveverde.es\/product\/taller-plantas-para-iniciarte-nivel-cero\/","name":"Taller: In\u00edciate en las plantas de interior - ViveVerde","isPartOf":{"@id":"https:\/\/viveverde.es\/#website"},"primaryImageOfPage":{"@id":"https:\/\/viveverde.es\/product\/taller-plantas-para-iniciarte-nivel-cero\/#primaryimage"},"image":{"@id":"https:\/\/viveverde.es\/product\/taller-plantas-para-iniciarte-nivel-cero\/#primaryimage"},"thumbnailUrl":"https:\/\/viveverde.es\/wp-content\/uploads\/2025\/03\/Taller-1-def-iniciate-con-las-plantas.png","datePublished":"2025-03-10T14:47:17+00:00","dateModified":"2026-04-17T13:19:17+00:00","breadcrumb":{"@id":"https:\/\/viveverde.es\/product\/taller-plantas-para-iniciarte-nivel-cero\/#breadcrumb"},"inLanguage":"en-GB","potentialAction":[{"@type":"ReadAction","target":["https:\/\/viveverde.es\/product\/taller-plantas-para-iniciarte-nivel-cero\/"]}]},{"@type":"ImageObject","inLanguage":"en-GB","@id":"https:\/\/viveverde.es\/product\/taller-plantas-para-iniciarte-nivel-cero\/#primaryimage","url":"https:\/\/viveverde.es\/wp-content\/uploads\/2025\/03\/Taller-1-def-iniciate-con-las-plantas.png","contentUrl":"https:\/\/viveverde.es\/wp-content\/uploads\/2025\/03\/Taller-1-def-iniciate-con-las-plantas.png","width":1080,"height":1350},{"@type":"BreadcrumbList","@id":"https:\/\/viveverde.es\/product\/taller-plantas-para-iniciarte-nivel-cero\/#breadcrumb","itemListElement":[{"@type":"ListItem","position":1,"name":"Portada","item":"https:\/\/viveverde.es\/"},{"@type":"ListItem","position":2,"name":"Talleres","item":"https:\/\/viveverde.es\/talleres\/"},{"@type":"ListItem","position":3,"name":"Taller: In\u00edciate en las plantas de interior"}]},{"@type":"WebSite","@id":"https:\/\/viveverde.es\/#website","url":"https:\/\/viveverde.es\/","name":"ViveVerde","description":"","publisher":{"@id":"https:\/\/viveverde.es\/#organization"},"potentialAction":[{"@type":"SearchAction","target":{"@type":"EntryPoint","urlTemplate":"https:\/\/viveverde.es\/?s={search_term_string}"},"query-input":{"@type":"PropertyValueSpecification","valueRequired":true,"valueName":"search_term_string"}}],"inLanguage":"en-GB"},{"@type":"Organization","@id":"https:\/\/viveverde.es\/#organization","name":"ViveVerde","url":"https:\/\/viveverde.es\/","logo":{"@type":"ImageObject","inLanguage":"en-GB","@id":"https:\/\/viveverde.es\/#\/schema\/logo\/image\/","url":"https:\/\/viveverde.es\/wp-content\/uploads\/2024\/06\/Vectorizado-06-1.png","contentUrl":"https:\/\/viveverde.es\/wp-content\/uploads\/2024\/06\/Vectorizado-06-1.png","width":354,"height":150,"caption":"ViveVerde"},"image":{"@id":"https:\/\/viveverde.es\/#\/schema\/logo\/image\/"}}]}},"jetpack_sharing_enabled":true,"_links":{"self":[{"href":"https:\/\/viveverde.es\/en\/wp-json\/wp\/v2\/product\/987914"}],"collection":[{"href":"https:\/\/viveverde.es\/en\/wp-json\/wp\/v2\/product"}],"about":[{"href":"https:\/\/viveverde.es\/en\/wp-json\/wp\/v2\/types\/product"}],"wp:featuredmedia":[{"embeddable":true,"href":"https:\/\/viveverde.es\/en\/wp-json\/wp\/v2\/media\/988243"}],"wp:attachment":[{"href":"https:\/\/viveverde.es\/en\/wp-json\/wp\/v2\/media?parent=987914"}],"wp:term":[{"taxonomy":"product_cat","embeddable":true,"href":"https:\/\/viveverde.es\/en\/wp-json\/wp\/v2\/product_cat?post=987914"},{"taxonomy":"product_tag","embeddable":true,"href":"https:\/\/viveverde.es\/en\/wp-json\/wp\/v2\/product_tag?post=987914"}],"curies":[{"name":"wp","href":"https:\/\/api.w.org\/{rel}","templated":true}]}}