{"id":987842,"date":"2024-09-09T16:55:00","date_gmt":"2024-09-09T14:55:00","guid":{"rendered":"https:\/\/viveverde.es\/?page_id=987842"},"modified":"2025-09-28T14:11:40","modified_gmt":"2025-09-28T12:11:40","slug":"mascotas","status":"publish","type":"page","link":"https:\/\/viveverde.es\/en\/mascotas\/","title":{"rendered":"Mascotas"},"content":{"rendered":"<div class=\"vgblk-rw-wrapper limit-wrapper\">\n\n\t<h2>Tenemos todo<\/h2>\n<h2><strong> para tu Mascota<\/strong><\/h2>\n\t<h4>En ViveVerde Aranjuez ofrecemos una amplia gama de productos para el cuidado y bienestar de tus mascotas, desde alimentaci\u00f3n y accesorios hasta juguetes y productos especializados. Adem\u00e1s, contamos con servicios exclusivos como peluquer\u00eda para mascotas y una m\u00e1quina de autolavado<\/h4>\n\t\t\t\t\t\t\t<img fetchpriority=\"high\" fetchpriority=\"high\" decoding=\"async\" src=\"https:\/\/viveverde.es\/wp-content\/uploads\/2024\/09\/Pub25_Julio_2024-05-scaled.jpg\" alt=\"Pub25_Julio_2024-05\" itemprop=\"image\" height=\"2560\" width=\"2049\" title=\"Pub25_Julio_2024-05\" onerror=\"this.style.display='none'\"  sizes=\"100\" srcset=\"https:\/\/viveverde.es\/wp-content\/uploads\/2024\/09\/Pub25_Julio_2024-05-scaled.jpg 2049w, https:\/\/viveverde.es\/wp-content\/uploads\/2024\/09\/Pub25_Julio_2024-05-240x300.jpg 240w, https:\/\/viveverde.es\/wp-content\/uploads\/2024\/09\/Pub25_Julio_2024-05-819x1024.jpg 819w, https:\/\/viveverde.es\/wp-content\/uploads\/2024\/09\/Pub25_Julio_2024-05-768x960.jpg 768w, https:\/\/viveverde.es\/wp-content\/uploads\/2024\/09\/Pub25_Julio_2024-05-1229x1536.jpg 1229w, https:\/\/viveverde.es\/wp-content\/uploads\/2024\/09\/Pub25_Julio_2024-05-1639x2048.jpg 1639w, https:\/\/viveverde.es\/wp-content\/uploads\/2024\/09\/Pub25_Julio_2024-05-1260x1575.jpg 1260w, https:\/\/viveverde.es\/wp-content\/uploads\/2024\/09\/Pub25_Julio_2024-05-630x787.jpg 630w, https:\/\/viveverde.es\/wp-content\/uploads\/2024\/09\/Pub25_Julio_2024-05-420x525.jpg 420w, https:\/\/viveverde.es\/wp-content\/uploads\/2024\/09\/Pub25_Julio_2024-05-840x1050.jpg 840w, https:\/\/viveverde.es\/wp-content\/uploads\/2024\/09\/Pub25_Julio_2024-05-315x394.jpg 315w\" \/>\t\t\t\t\t\t\t\n\t\t\t\t\t\t\t<img decoding=\"async\" src=\"https:\/\/viveverde.es\/wp-content\/uploads\/2024\/09\/Pub18_Junio_2024-01-scaled.jpg\" alt=\"Pub18_Junio_2024-01\" itemprop=\"image\" height=\"2560\" width=\"2049\" title=\"Pub18_Junio_2024-01\" onerror=\"this.style.display='none'\"  sizes=\"100\" srcset=\"https:\/\/viveverde.es\/wp-content\/uploads\/2024\/09\/Pub18_Junio_2024-01-scaled.jpg 2049w, https:\/\/viveverde.es\/wp-content\/uploads\/2024\/09\/Pub18_Junio_2024-01-240x300.jpg 240w, https:\/\/viveverde.es\/wp-content\/uploads\/2024\/09\/Pub18_Junio_2024-01-819x1024.jpg 819w, https:\/\/viveverde.es\/wp-content\/uploads\/2024\/09\/Pub18_Junio_2024-01-768x960.jpg 768w, https:\/\/viveverde.es\/wp-content\/uploads\/2024\/09\/Pub18_Junio_2024-01-1229x1536.jpg 1229w, https:\/\/viveverde.es\/wp-content\/uploads\/2024\/09\/Pub18_Junio_2024-01-1639x2048.jpg 1639w, https:\/\/viveverde.es\/wp-content\/uploads\/2024\/09\/Pub18_Junio_2024-01-1260x1575.jpg 1260w, https:\/\/viveverde.es\/wp-content\/uploads\/2024\/09\/Pub18_Junio_2024-01-630x787.jpg 630w, https:\/\/viveverde.es\/wp-content\/uploads\/2024\/09\/Pub18_Junio_2024-01-420x525.jpg 420w, https:\/\/viveverde.es\/wp-content\/uploads\/2024\/09\/Pub18_Junio_2024-01-840x1050.jpg 840w, https:\/\/viveverde.es\/wp-content\/uploads\/2024\/09\/Pub18_Junio_2024-01-315x394.jpg 315w\" \/>\t\t\t\t\t\t\t\n\t\t\t\t\t\t\t<img decoding=\"async\" src=\"https:\/\/viveverde.es\/wp-content\/uploads\/2024\/09\/Pub35_Agosto_2024-03-scaled.jpg\" alt=\"Pub35_Agosto_2024-03\" itemprop=\"image\" height=\"2560\" width=\"2048\" title=\"Pub35_Agosto_2024-03\" onerror=\"this.style.display='none'\"  sizes=\"100\" srcset=\"https:\/\/viveverde.es\/wp-content\/uploads\/2024\/09\/Pub35_Agosto_2024-03-scaled.jpg 2048w, https:\/\/viveverde.es\/wp-content\/uploads\/2024\/09\/Pub35_Agosto_2024-03-240x300.jpg 240w, https:\/\/viveverde.es\/wp-content\/uploads\/2024\/09\/Pub35_Agosto_2024-03-819x1024.jpg 819w, https:\/\/viveverde.es\/wp-content\/uploads\/2024\/09\/Pub35_Agosto_2024-03-768x960.jpg 768w, https:\/\/viveverde.es\/wp-content\/uploads\/2024\/09\/Pub35_Agosto_2024-03-1229x1536.jpg 1229w, https:\/\/viveverde.es\/wp-content\/uploads\/2024\/09\/Pub35_Agosto_2024-03-1639x2048.jpg 1639w, https:\/\/viveverde.es\/wp-content\/uploads\/2024\/09\/Pub35_Agosto_2024-03-1260x1575.jpg 1260w, https:\/\/viveverde.es\/wp-content\/uploads\/2024\/09\/Pub35_Agosto_2024-03-630x787.jpg 630w, https:\/\/viveverde.es\/wp-content\/uploads\/2024\/09\/Pub35_Agosto_2024-03-420x525.jpg 420w, https:\/\/viveverde.es\/wp-content\/uploads\/2024\/09\/Pub35_Agosto_2024-03-840x1050.jpg 840w, https:\/\/viveverde.es\/wp-content\/uploads\/2024\/09\/Pub35_Agosto_2024-03-315x394.jpg 315w\" \/>\t\t\t\t\t\t\t\n\t\t\t\t\t\t\t<img loading=\"lazy\" loading=\"lazy\" decoding=\"async\" src=\"https:\/\/viveverde.es\/wp-content\/uploads\/2024\/09\/Pub11_Mayo_2024-01-scaled.jpg\" alt=\"Pub11_Mayo_2024-01\" itemprop=\"image\" height=\"2560\" width=\"2049\" title=\"Pub11_Mayo_2024-01\" onerror=\"this.style.display='none'\"  sizes=\"100\" srcset=\"https:\/\/viveverde.es\/wp-content\/uploads\/2024\/09\/Pub11_Mayo_2024-01-scaled.jpg 2049w, https:\/\/viveverde.es\/wp-content\/uploads\/2024\/09\/Pub11_Mayo_2024-01-240x300.jpg 240w, https:\/\/viveverde.es\/wp-content\/uploads\/2024\/09\/Pub11_Mayo_2024-01-819x1024.jpg 819w, https:\/\/viveverde.es\/wp-content\/uploads\/2024\/09\/Pub11_Mayo_2024-01-768x960.jpg 768w, https:\/\/viveverde.es\/wp-content\/uploads\/2024\/09\/Pub11_Mayo_2024-01-1229x1536.jpg 1229w, https:\/\/viveverde.es\/wp-content\/uploads\/2024\/09\/Pub11_Mayo_2024-01-1639x2048.jpg 1639w, https:\/\/viveverde.es\/wp-content\/uploads\/2024\/09\/Pub11_Mayo_2024-01-1260x1575.jpg 1260w, https:\/\/viveverde.es\/wp-content\/uploads\/2024\/09\/Pub11_Mayo_2024-01-630x787.jpg 630w, https:\/\/viveverde.es\/wp-content\/uploads\/2024\/09\/Pub11_Mayo_2024-01-420x525.jpg 420w, https:\/\/viveverde.es\/wp-content\/uploads\/2024\/09\/Pub11_Mayo_2024-01-840x1050.jpg 840w, https:\/\/viveverde.es\/wp-content\/uploads\/2024\/09\/Pub11_Mayo_2024-01-315x394.jpg 315w\" \/>\t\t\t\t\t\t\t\n\t\t\t\t\t\t\t<img loading=\"lazy\" loading=\"lazy\" decoding=\"async\" src=\"https:\/\/viveverde.es\/wp-content\/uploads\/2024\/09\/Pub25_Julio_2024-01-scaled.jpg\" alt=\"Pub25_Julio_2024-01\" itemprop=\"image\" height=\"2560\" width=\"2049\" title=\"Pub25_Julio_2024-01\" onerror=\"this.style.display='none'\"  sizes=\"100\" srcset=\"https:\/\/viveverde.es\/wp-content\/uploads\/2024\/09\/Pub25_Julio_2024-01-scaled.jpg 2049w, https:\/\/viveverde.es\/wp-content\/uploads\/2024\/09\/Pub25_Julio_2024-01-240x300.jpg 240w, https:\/\/viveverde.es\/wp-content\/uploads\/2024\/09\/Pub25_Julio_2024-01-819x1024.jpg 819w, https:\/\/viveverde.es\/wp-content\/uploads\/2024\/09\/Pub25_Julio_2024-01-768x960.jpg 768w, https:\/\/viveverde.es\/wp-content\/uploads\/2024\/09\/Pub25_Julio_2024-01-1229x1536.jpg 1229w, https:\/\/viveverde.es\/wp-content\/uploads\/2024\/09\/Pub25_Julio_2024-01-1639x2048.jpg 1639w, https:\/\/viveverde.es\/wp-content\/uploads\/2024\/09\/Pub25_Julio_2024-01-1260x1575.jpg 1260w, https:\/\/viveverde.es\/wp-content\/uploads\/2024\/09\/Pub25_Julio_2024-01-630x787.jpg 630w, https:\/\/viveverde.es\/wp-content\/uploads\/2024\/09\/Pub25_Julio_2024-01-420x525.jpg 420w, https:\/\/viveverde.es\/wp-content\/uploads\/2024\/09\/Pub25_Julio_2024-01-840x1050.jpg 840w, https:\/\/viveverde.es\/wp-content\/uploads\/2024\/09\/Pub25_Julio_2024-01-315x394.jpg 315w\" \/>\t\t\t\t\t\t\t\n\t\t\t1,800+\n\t\t\t\t\t\t\tRese\u00f1as Positivas\n\t\t\t8,000+\n\t\t\t\t\t\t\tMetros Cuadrados\n\t\t\t18,000+\n\t\t\t\t\t\t\tProductos \u00danicos\n<h2>\n\t\u00bfPor qu\u00e9 elegirnos?\n\t<\/h2>\n\t<p>Somos una <strong>empresa familiar con m\u00e1s de 20 a\u00f1os<\/strong> de experiencia en jardiner\u00eda y mascotas. Nuestra experiencia y cercan\u00eda nos permiten ofrecer productos y servicios personalizados para tus mascotas, cuidando cada detalle para que su bienestar y felicidad est\u00e9n siempre garantizados. La pasi\u00f3n por la naturaleza y el compromiso con la calidad son nuestros valores esenciales.<\/p>\n<p><strong>\u00a1Tenemos todo lo que tus mascotas necesitan!<\/strong><\/p>\n\t<meta itemprop=\"url\" content=\"https:\/\/viveverde.es\/wp-content\/uploads\/2024\/09\/Acuarofilia-rez-i.mp4\" \/><div style=\"width: 640px;\" class=\"wp-video\"><!--[if lt IE 9]><script>document.createElement('video');<\/script><![endif]-->\n<video class=\"wp-video-shortcode\" id=\"video-987842-1\" width=\"640\" height=\"360\" preload=\"metadata\" controls=\"controls\"><source type=\"video\/mp4\" src=\"https:\/\/viveverde.es\/wp-content\/uploads\/2024\/09\/Acuarofilia-rez-i.mp4?_=1\" \/><a href=\"https:\/\/viveverde.es\/wp-content\/uploads\/2024\/09\/Acuarofilia-rez-i.mp4\">https:\/\/viveverde.es\/wp-content\/uploads\/2024\/09\/Acuarofilia-rez-i.mp4<\/a><\/video><\/div>\n\t\t\t\t\t\t\t<img loading=\"lazy\" loading=\"lazy\" decoding=\"async\" src=\"https:\/\/viveverde.es\/wp-content\/uploads\/2024\/09\/Pub18_Junio_2024-05-scaled.jpg\" alt=\"Pub18_Junio_2024-05\" itemprop=\"image\" height=\"2560\" width=\"2049\" data-link-type=\"url\" title=\"Pub18_Junio_2024-05\" onerror=\"this.style.display='none'\"  sizes=\"(max-width: 768px) 100vw, 100vw\" srcset=\"https:\/\/viveverde.es\/wp-content\/uploads\/2024\/09\/Pub18_Junio_2024-05-scaled.jpg 2049w, https:\/\/viveverde.es\/wp-content\/uploads\/2024\/09\/Pub18_Junio_2024-05-240x300.jpg 240w, https:\/\/viveverde.es\/wp-content\/uploads\/2024\/09\/Pub18_Junio_2024-05-819x1024.jpg 819w, https:\/\/viveverde.es\/wp-content\/uploads\/2024\/09\/Pub18_Junio_2024-05-768x960.jpg 768w, https:\/\/viveverde.es\/wp-content\/uploads\/2024\/09\/Pub18_Junio_2024-05-1229x1536.jpg 1229w, https:\/\/viveverde.es\/wp-content\/uploads\/2024\/09\/Pub18_Junio_2024-05-1639x2048.jpg 1639w, https:\/\/viveverde.es\/wp-content\/uploads\/2024\/09\/Pub18_Junio_2024-05-1260x1575.jpg 1260w, https:\/\/viveverde.es\/wp-content\/uploads\/2024\/09\/Pub18_Junio_2024-05-630x787.jpg 630w, https:\/\/viveverde.es\/wp-content\/uploads\/2024\/09\/Pub18_Junio_2024-05-420x525.jpg 420w, https:\/\/viveverde.es\/wp-content\/uploads\/2024\/09\/Pub18_Junio_2024-05-840x1050.jpg 840w, https:\/\/viveverde.es\/wp-content\/uploads\/2024\/09\/Pub18_Junio_2024-05-315x394.jpg 315w\" \/>\t\t\t\t\t\t\t\n<h3>\n\tProductos\n\t<\/h3>\n\t<ul>\n<li>Alimentaci\u00f3n<\/li>\n<li>Desparasitaci\u00f3n<\/li>\n<li>&#8220;Chuches&#8221;<\/li>\n<\/ul>\n\t\t\t\t\t\t\t<img loading=\"lazy\" loading=\"lazy\" decoding=\"async\" src=\"https:\/\/viveverde.es\/wp-content\/uploads\/2024\/09\/Pub26_Junio_2024-01-scaled.jpg\" alt=\"Pub26_Junio_2024-01\" itemprop=\"image\" height=\"2560\" width=\"2049\" data-link-type=\"url\" title=\"Pub26_Junio_2024-01\" onerror=\"this.style.display='none'\"  sizes=\"(max-width: 768px) 100vw, 100vw\" srcset=\"https:\/\/viveverde.es\/wp-content\/uploads\/2024\/09\/Pub26_Junio_2024-01-scaled.jpg 2049w, https:\/\/viveverde.es\/wp-content\/uploads\/2024\/09\/Pub26_Junio_2024-01-240x300.jpg 240w, https:\/\/viveverde.es\/wp-content\/uploads\/2024\/09\/Pub26_Junio_2024-01-819x1024.jpg 819w, https:\/\/viveverde.es\/wp-content\/uploads\/2024\/09\/Pub26_Junio_2024-01-768x960.jpg 768w, https:\/\/viveverde.es\/wp-content\/uploads\/2024\/09\/Pub26_Junio_2024-01-1229x1536.jpg 1229w, https:\/\/viveverde.es\/wp-content\/uploads\/2024\/09\/Pub26_Junio_2024-01-1639x2048.jpg 1639w, https:\/\/viveverde.es\/wp-content\/uploads\/2024\/09\/Pub26_Junio_2024-01-1260x1575.jpg 1260w, https:\/\/viveverde.es\/wp-content\/uploads\/2024\/09\/Pub26_Junio_2024-01-630x787.jpg 630w, https:\/\/viveverde.es\/wp-content\/uploads\/2024\/09\/Pub26_Junio_2024-01-420x525.jpg 420w, https:\/\/viveverde.es\/wp-content\/uploads\/2024\/09\/Pub26_Junio_2024-01-840x1050.jpg 840w, https:\/\/viveverde.es\/wp-content\/uploads\/2024\/09\/Pub26_Junio_2024-01-315x394.jpg 315w\" \/>\t\t\t\t\t\t\t\n<h3>\n\tPeluquer\u00eda\n\t<\/h3>\n\t<ul>\n<li>Peluquer\u00eda Canina<\/li>\n<li>M\u00e1quina Autolavado<\/li>\n<li>Higiene y Salud<\/li>\n<\/ul>\n\t\t\t\t\t\t\t<img loading=\"lazy\" loading=\"lazy\" decoding=\"async\" src=\"https:\/\/viveverde.es\/wp-content\/uploads\/2024\/09\/Pub42_Sept_2024-01-scaled.jpg\" alt=\"Pub42_Sept_2024-01\" itemprop=\"image\" height=\"2560\" width=\"2048\" data-link-type=\"url\" title=\"Pub42_Sept_2024-01\" onerror=\"this.style.display='none'\"  sizes=\"(max-width: 768px) 100vw, 100vw\" srcset=\"https:\/\/viveverde.es\/wp-content\/uploads\/2024\/09\/Pub42_Sept_2024-01-scaled.jpg 2048w, https:\/\/viveverde.es\/wp-content\/uploads\/2024\/09\/Pub42_Sept_2024-01-240x300.jpg 240w, https:\/\/viveverde.es\/wp-content\/uploads\/2024\/09\/Pub42_Sept_2024-01-819x1024.jpg 819w, https:\/\/viveverde.es\/wp-content\/uploads\/2024\/09\/Pub42_Sept_2024-01-768x960.jpg 768w, https:\/\/viveverde.es\/wp-content\/uploads\/2024\/09\/Pub42_Sept_2024-01-1229x1536.jpg 1229w, https:\/\/viveverde.es\/wp-content\/uploads\/2024\/09\/Pub42_Sept_2024-01-1639x2048.jpg 1639w, https:\/\/viveverde.es\/wp-content\/uploads\/2024\/09\/Pub42_Sept_2024-01-1260x1575.jpg 1260w, https:\/\/viveverde.es\/wp-content\/uploads\/2024\/09\/Pub42_Sept_2024-01-630x787.jpg 630w, https:\/\/viveverde.es\/wp-content\/uploads\/2024\/09\/Pub42_Sept_2024-01-420x525.jpg 420w, https:\/\/viveverde.es\/wp-content\/uploads\/2024\/09\/Pub42_Sept_2024-01-840x1050.jpg 840w, https:\/\/viveverde.es\/wp-content\/uploads\/2024\/09\/Pub42_Sept_2024-01-315x394.jpg 315w\" \/>\t\t\t\t\t\t\t\n<h3>\n\tMiscel\u00e1neos\n\t<\/h3>\n\t<ul>\n<li>Juguetes y Cuidado<\/li>\n<li>Casas y Casetas<\/li>\n<li>\nVitaminas\n<\/li>\n<\/ul>\n\t\t\t\t\t\t\t<img loading=\"lazy\" loading=\"lazy\" decoding=\"async\" src=\"https:\/\/viveverde.es\/wp-content\/uploads\/2024\/09\/Pub25_Julio_2024-04-scaled.jpg\" alt=\"Pub25_Julio_2024-04\" itemprop=\"image\" height=\"2560\" width=\"2049\" title=\"Pub25_Julio_2024-04\" onerror=\"this.style.display='none'\"  sizes=\"(max-width: 768px) 100vw, 100vw\" srcset=\"https:\/\/viveverde.es\/wp-content\/uploads\/2024\/09\/Pub25_Julio_2024-04-scaled.jpg 2049w, https:\/\/viveverde.es\/wp-content\/uploads\/2024\/09\/Pub25_Julio_2024-04-240x300.jpg 240w, https:\/\/viveverde.es\/wp-content\/uploads\/2024\/09\/Pub25_Julio_2024-04-819x1024.jpg 819w, https:\/\/viveverde.es\/wp-content\/uploads\/2024\/09\/Pub25_Julio_2024-04-768x960.jpg 768w, https:\/\/viveverde.es\/wp-content\/uploads\/2024\/09\/Pub25_Julio_2024-04-1229x1536.jpg 1229w, https:\/\/viveverde.es\/wp-content\/uploads\/2024\/09\/Pub25_Julio_2024-04-1639x2048.jpg 1639w, https:\/\/viveverde.es\/wp-content\/uploads\/2024\/09\/Pub25_Julio_2024-04-1260x1575.jpg 1260w, https:\/\/viveverde.es\/wp-content\/uploads\/2024\/09\/Pub25_Julio_2024-04-630x787.jpg 630w, https:\/\/viveverde.es\/wp-content\/uploads\/2024\/09\/Pub25_Julio_2024-04-420x525.jpg 420w, https:\/\/viveverde.es\/wp-content\/uploads\/2024\/09\/Pub25_Julio_2024-04-840x1050.jpg 840w, https:\/\/viveverde.es\/wp-content\/uploads\/2024\/09\/Pub25_Julio_2024-04-315x394.jpg 315w\" \/>\t\t\t\t\t\t\t\n<h3>\n\tGuarder\u00eda\n\t<\/h3>\n\t<ul>\n<li>P\u00e1jaros<\/li>\n<li>Roedores<\/li>\n<li>\nAtenci\u00f3n Personalizada\n<\/li>\n<\/ul>\n\t\t<iframe src=\"https:\/\/maps.google.com\/maps?q=Antigua+Ctra.+de+Andaluc%C3%ADa%2C+km+43.1+%28frente+a+Hyundai%29+M-503%2C+28300+Aranjuez%2C+Madrid&#038;iwloc=near&#038;output=embed\" height=\"500\" frameborder=\"0\" loading=\"lazy\"><\/iframe>\n<h5>\n\t\tServicio de transporte en Aranjuez* y alrededores (*Gratis a partir de 100\u20ac)\n\t<\/h5>\n\n<\/div><!-- .vgblk-rw-wrapper -->","protected":false},"excerpt":{"rendered":"<p>Tenemos todo para tu Mascota En ViveVerde Aranjuez ofrecemos una amplia gama de productos para el cuidado y bienestar de tus mascotas, desde alimentaci\u00f3n y accesorios hasta juguetes y productos especializados. Adem\u00e1s, contamos con servicios exclusivos como peluquer\u00eda para mascotas y una m\u00e1quina de autolavado 1,800+ Rese\u00f1as Positivas 8,000+ Metros Cuadrados 18,000+ Productos \u00danicos \u00bfPor&#8230;<\/p>","protected":false},"author":1,"featured_media":0,"parent":0,"menu_order":0,"comment_status":"closed","ping_status":"closed","template":"","meta":{"inline_featured_image":false,"footnotes":""},"yoast_head":"<!-- This site is optimized with the Yoast SEO plugin v24.5 - https:\/\/yoast.com\/wordpress\/plugins\/seo\/ -->\n<title>Mascotas - ViveVerde<\/title>\n<meta name=\"description\" content=\"M\u00e1s que una tienda de mascotas en Aranjuez: en ViveVerde tienes piensos, accesorios y atenci\u00f3n personal que marca la diferencia.\" \/>\n<meta name=\"robots\" content=\"index, follow, max-snippet:-1, max-image-preview:large, max-video-preview:-1\" \/>\n<link rel=\"canonical\" href=\"https:\/\/viveverde.es\/en\/mascotas\/\" \/>\n<meta property=\"og:locale\" content=\"en_GB\" \/>\n<meta property=\"og:type\" content=\"article\" \/>\n<meta property=\"og:title\" content=\"Mascotas - ViveVerde\" \/>\n<meta property=\"og:description\" content=\"M\u00e1s que una tienda de mascotas en Aranjuez: en ViveVerde tienes piensos, accesorios y atenci\u00f3n personal que marca la diferencia.\" \/>\n<meta property=\"og:url\" content=\"https:\/\/viveverde.es\/en\/mascotas\/\" \/>\n<meta property=\"og:site_name\" content=\"ViveVerde\" \/>\n<meta property=\"article:modified_time\" content=\"2025-09-28T12:11:40+00:00\" \/>\n<meta property=\"og:image\" content=\"https:\/\/viveverde.es\/wp-content\/uploads\/2024\/09\/Pub25_Julio_2024-05-scaled.jpg\" \/>\n<meta name=\"twitter:card\" content=\"summary_large_image\" \/>\n<meta name=\"twitter:label1\" content=\"Estimated reading time\" \/>\n\t<meta name=\"twitter:data1\" content=\"3 minutes\" \/>\n<script type=\"application\/ld+json\" class=\"yoast-schema-graph\">{\"@context\":\"https:\/\/schema.org\",\"@graph\":[{\"@type\":\"WebPage\",\"@id\":\"https:\/\/viveverde.es\/mascotas\/\",\"url\":\"https:\/\/viveverde.es\/mascotas\/\",\"name\":\"Mascotas - ViveVerde\",\"isPartOf\":{\"@id\":\"https:\/\/viveverde.es\/#website\"},\"primaryImageOfPage\":{\"@id\":\"https:\/\/viveverde.es\/mascotas\/#primaryimage\"},\"image\":{\"@id\":\"https:\/\/viveverde.es\/mascotas\/#primaryimage\"},\"thumbnailUrl\":\"https:\/\/viveverde.es\/wp-content\/uploads\/2024\/09\/Pub25_Julio_2024-05-scaled.jpg\",\"datePublished\":\"2024-09-09T14:55:00+00:00\",\"dateModified\":\"2025-09-28T12:11:40+00:00\",\"description\":\"M\u00e1s que una tienda de mascotas en Aranjuez: en ViveVerde tienes piensos, accesorios y atenci\u00f3n personal que marca la diferencia.\",\"breadcrumb\":{\"@id\":\"https:\/\/viveverde.es\/mascotas\/#breadcrumb\"},\"inLanguage\":\"en-GB\",\"potentialAction\":[{\"@type\":\"ReadAction\",\"target\":[\"https:\/\/viveverde.es\/mascotas\/\"]}]},{\"@type\":\"ImageObject\",\"inLanguage\":\"en-GB\",\"@id\":\"https:\/\/viveverde.es\/mascotas\/#primaryimage\",\"url\":\"https:\/\/viveverde.es\/wp-content\/uploads\/2024\/09\/Pub25_Julio_2024-05-scaled.jpg\",\"contentUrl\":\"https:\/\/viveverde.es\/wp-content\/uploads\/2024\/09\/Pub25_Julio_2024-05-scaled.jpg\"},{\"@type\":\"BreadcrumbList\",\"@id\":\"https:\/\/viveverde.es\/mascotas\/#breadcrumb\",\"itemListElement\":[{\"@type\":\"ListItem\",\"position\":1,\"name\":\"Portada\",\"item\":\"https:\/\/viveverde.es\/\"},{\"@type\":\"ListItem\",\"position\":2,\"name\":\"Mascotas\"}]},{\"@type\":\"WebSite\",\"@id\":\"https:\/\/viveverde.es\/#website\",\"url\":\"https:\/\/viveverde.es\/\",\"name\":\"ViveVerde\",\"description\":\"\",\"publisher\":{\"@id\":\"https:\/\/viveverde.es\/#organization\"},\"potentialAction\":[{\"@type\":\"SearchAction\",\"target\":{\"@type\":\"EntryPoint\",\"urlTemplate\":\"https:\/\/viveverde.es\/?s={search_term_string}\"},\"query-input\":{\"@type\":\"PropertyValueSpecification\",\"valueRequired\":true,\"valueName\":\"search_term_string\"}}],\"inLanguage\":\"en-GB\"},{\"@type\":\"Organization\",\"@id\":\"https:\/\/viveverde.es\/#organization\",\"name\":\"ViveVerde\",\"url\":\"https:\/\/viveverde.es\/\",\"logo\":{\"@type\":\"ImageObject\",\"inLanguage\":\"en-GB\",\"@id\":\"https:\/\/viveverde.es\/#\/schema\/logo\/image\/\",\"url\":\"https:\/\/viveverde.es\/wp-content\/uploads\/2024\/06\/Vectorizado-06-1.png\",\"contentUrl\":\"https:\/\/viveverde.es\/wp-content\/uploads\/2024\/06\/Vectorizado-06-1.png\",\"width\":354,\"height\":150,\"caption\":\"ViveVerde\"},\"image\":{\"@id\":\"https:\/\/viveverde.es\/#\/schema\/logo\/image\/\"}}]}<\/script>\n<!-- \/ Yoast SEO plugin. -->","yoast_head_json":{"title":"Mascotas - ViveVerde","description":"M\u00e1s que una tienda de mascotas en Aranjuez: en ViveVerde tienes piensos, accesorios y atenci\u00f3n personal que marca la diferencia.","robots":{"index":"index","follow":"follow","max-snippet":"max-snippet:-1","max-image-preview":"max-image-preview:large","max-video-preview":"max-video-preview:-1"},"canonical":"https:\/\/viveverde.es\/en\/mascotas\/","og_locale":"en_GB","og_type":"article","og_title":"Mascotas - ViveVerde","og_description":"M\u00e1s que una tienda de mascotas en Aranjuez: en ViveVerde tienes piensos, accesorios y atenci\u00f3n personal que marca la diferencia.","og_url":"https:\/\/viveverde.es\/en\/mascotas\/","og_site_name":"ViveVerde","article_modified_time":"2025-09-28T12:11:40+00:00","og_image":[{"url":"https:\/\/viveverde.es\/wp-content\/uploads\/2024\/09\/Pub25_Julio_2024-05-scaled.jpg","type":"","width":"","height":""}],"twitter_card":"summary_large_image","twitter_misc":{"Estimated reading time":"3 minutes"},"schema":{"@context":"https:\/\/schema.org","@graph":[{"@type":"WebPage","@id":"https:\/\/viveverde.es\/mascotas\/","url":"https:\/\/viveverde.es\/mascotas\/","name":"Mascotas - ViveVerde","isPartOf":{"@id":"https:\/\/viveverde.es\/#website"},"primaryImageOfPage":{"@id":"https:\/\/viveverde.es\/mascotas\/#primaryimage"},"image":{"@id":"https:\/\/viveverde.es\/mascotas\/#primaryimage"},"thumbnailUrl":"https:\/\/viveverde.es\/wp-content\/uploads\/2024\/09\/Pub25_Julio_2024-05-scaled.jpg","datePublished":"2024-09-09T14:55:00+00:00","dateModified":"2025-09-28T12:11:40+00:00","description":"M\u00e1s que una tienda de mascotas en Aranjuez: en ViveVerde tienes piensos, accesorios y atenci\u00f3n personal que marca la diferencia.","breadcrumb":{"@id":"https:\/\/viveverde.es\/mascotas\/#breadcrumb"},"inLanguage":"en-GB","potentialAction":[{"@type":"ReadAction","target":["https:\/\/viveverde.es\/mascotas\/"]}]},{"@type":"ImageObject","inLanguage":"en-GB","@id":"https:\/\/viveverde.es\/mascotas\/#primaryimage","url":"https:\/\/viveverde.es\/wp-content\/uploads\/2024\/09\/Pub25_Julio_2024-05-scaled.jpg","contentUrl":"https:\/\/viveverde.es\/wp-content\/uploads\/2024\/09\/Pub25_Julio_2024-05-scaled.jpg"},{"@type":"BreadcrumbList","@id":"https:\/\/viveverde.es\/mascotas\/#breadcrumb","itemListElement":[{"@type":"ListItem","position":1,"name":"Portada","item":"https:\/\/viveverde.es\/"},{"@type":"ListItem","position":2,"name":"Mascotas"}]},{"@type":"WebSite","@id":"https:\/\/viveverde.es\/#website","url":"https:\/\/viveverde.es\/","name":"ViveVerde","description":"","publisher":{"@id":"https:\/\/viveverde.es\/#organization"},"potentialAction":[{"@type":"SearchAction","target":{"@type":"EntryPoint","urlTemplate":"https:\/\/viveverde.es\/?s={search_term_string}"},"query-input":{"@type":"PropertyValueSpecification","valueRequired":true,"valueName":"search_term_string"}}],"inLanguage":"en-GB"},{"@type":"Organization","@id":"https:\/\/viveverde.es\/#organization","name":"ViveVerde","url":"https:\/\/viveverde.es\/","logo":{"@type":"ImageObject","inLanguage":"en-GB","@id":"https:\/\/viveverde.es\/#\/schema\/logo\/image\/","url":"https:\/\/viveverde.es\/wp-content\/uploads\/2024\/06\/Vectorizado-06-1.png","contentUrl":"https:\/\/viveverde.es\/wp-content\/uploads\/2024\/06\/Vectorizado-06-1.png","width":354,"height":150,"caption":"ViveVerde"},"image":{"@id":"https:\/\/viveverde.es\/#\/schema\/logo\/image\/"}}]}},"jetpack_sharing_enabled":true,"_links":{"self":[{"href":"https:\/\/viveverde.es\/en\/wp-json\/wp\/v2\/pages\/987842"}],"collection":[{"href":"https:\/\/viveverde.es\/en\/wp-json\/wp\/v2\/pages"}],"about":[{"href":"https:\/\/viveverde.es\/en\/wp-json\/wp\/v2\/types\/page"}],"author":[{"embeddable":true,"href":"https:\/\/viveverde.es\/en\/wp-json\/wp\/v2\/users\/1"}],"replies":[{"embeddable":true,"href":"https:\/\/viveverde.es\/en\/wp-json\/wp\/v2\/comments?post=987842"}],"version-history":[{"count":3,"href":"https:\/\/viveverde.es\/en\/wp-json\/wp\/v2\/pages\/987842\/revisions"}],"predecessor-version":[{"id":987893,"href":"https:\/\/viveverde.es\/en\/wp-json\/wp\/v2\/pages\/987842\/revisions\/987893"}],"wp:attachment":[{"href":"https:\/\/viveverde.es\/en\/wp-json\/wp\/v2\/media?parent=987842"}],"curies":[{"name":"wp","href":"https:\/\/api.w.org\/{rel}","templated":true}]}}