{"id":14013,"date":"2017-09-03T22:38:55","date_gmt":"2017-09-03T22:38:55","guid":{"rendered":"https:\/\/landscaping.vamtam.com\/?page_id=14013"},"modified":"2025-03-19T21:32:42","modified_gmt":"2025-03-19T20:32:42","slug":"inicio","status":"publish","type":"page","link":"https:\/\/viveverde.es\/en\/","title":{"rendered":"ViveVerde"},"content":{"rendered":"<div class=\"vgblk-rw-wrapper limit-wrapper\">\n<h3>\n\t\t\t<a href=\"https:\/\/viveverde.es\/en\/garden\/\" title=\"&lt;strong&gt;Jardiner&iacute;a&lt;\/strong&gt;\" target=\"_self\" rel=\"noopener\">\n\t<strong>Jardiner\u00eda<\/strong>\n\t\t\t<\/a>\n\t<\/h3>\n\t<p>Convi\u00e9rtete en el due\u00f1o de un jard\u00edn de ensue\u00f1o.<\/p>\n<h3>\n\t\t\t<a href=\"https:\/\/viveverde.es\/en\/garden\/\" title=\"&lt;strong&gt;Decoraci&oacute;n&lt;\/strong&gt;\" target=\"_self\" rel=\"noopener\">\n\t<strong>Decoraci\u00f3n<\/strong>\n\t\t\t<\/a>\n\t<\/h3>\n\t<p>Elementos decorativos que traen encanto natural a tu hogar.<\/p>\n<h3>\n\t\t\t<a href=\"https:\/\/viveverde.es\/en\/mascotas\/\" title=\"&lt;strong&gt;Mascotas&lt;\/strong&gt;\" target=\"_self\" rel=\"noopener\">\n\t<strong>Mascotas<\/strong>\n\t\t\t<\/a>\n\t<\/h3>\n\t<p>Todo lo que tus mascotas necesitan para ser felices.<\/p>\n<h4>\n\t\u00a1Todo lo que tu <strong>Jard\u00edn<\/strong> y <strong>Mascotas<\/strong> necesitan!\n\t<\/h4>\n\t<p>En viveVerde transformamos tu mundo verde: jardines de ensue\u00f1o; decoraci\u00f3n cuidada; mimos, productos y cuidados para tus mascotas.<\/p>\n\t\t\t18\n\t\t\t\t\t\t\tMIL\n<h3>\n\tProductos\n\t<\/h3>\n\t<p>No los hemos contado, pero nos aproximamos.<\/p>\n\t\t\t8\n\t\t\t\t\t\t\tMIL\n<h3>\n\tMetros Cuadrados\n\t<\/h3>\n\t<p>Plantas de Exterior, Interior, Mobiliario, Decoraci\u00f3n y Mascotas<\/p>\n\t\t\t30\n\t\t\t\t\t\t\tPROFESIONALES\n<h3>\n\tA su Servicio\n\t<\/h3>\n\t<p>Ponemos todo a tu servicio, expertos incluidos.<\/p>\n<h2>\n\t\tDescubre nuestro Blog\n\t<\/h2>\n\t\t<iframe src=\"https:\/\/maps.google.com\/maps?q=Antigua+Ctra.+de+Andaluc%C3%ADa%2C+km+43.1+%28frente+a+Hyundai%29+M-503%2C+28300+Aranjuez%2C+Madrid&#038;iwloc=near&#038;output=embed\" height=\"500\" frameborder=\"0\" loading=\"lazy\"><\/iframe>\n<h5>\n\t\tServicio de transporte en Aranjuez* y alrededores (*Gratis a partir de 100\u20ac)\n\t<\/h5>\n\n<\/div><!-- .vgblk-rw-wrapper -->","protected":false},"excerpt":{"rendered":"<p>Jardiner\u00eda Convi\u00e9rtete en el due\u00f1o de un jard\u00edn de ensue\u00f1o. Decoraci\u00f3n Elementos decorativos que traen encanto natural a tu hogar. Mascotas Todo lo que tus mascotas necesitan para ser felices. \u00a1Todo lo que tu Jard\u00edn y Mascotas necesitan! En viveVerde transformamos tu mundo verde: jardines de ensue\u00f1o; decoraci\u00f3n cuidada; mimos, productos y cuidados para tus&#8230;<\/p>","protected":false},"author":1,"featured_media":0,"parent":0,"menu_order":0,"comment_status":"closed","ping_status":"closed","template":"","meta":{"inline_featured_image":false,"footnotes":""},"yoast_head":"<!-- This site is optimized with the Yoast SEO plugin v24.5 - https:\/\/yoast.com\/wordpress\/plugins\/seo\/ -->\n<title>ViveVerde: Tu tienda de jardiner\u00eda y mascotas en Aranjuez<\/title>\n<meta name=\"description\" content=\"Descubre nuestra tienda especializada en jardiner\u00eda, decoraci\u00f3n del hogar y alimentaci\u00f3n para mascotas. Calidad y variedad al mejor precio.\" \/>\n<meta name=\"robots\" content=\"index, follow, max-snippet:-1, max-image-preview:large, max-video-preview:-1\" \/>\n<link rel=\"canonical\" href=\"https:\/\/viveverde.es\/en\/\" \/>\n<meta property=\"og:locale\" content=\"en_GB\" \/>\n<meta property=\"og:type\" content=\"article\" \/>\n<meta property=\"og:title\" content=\"ViveVerde: Tu tienda de jardiner\u00eda y mascotas en Aranjuez\" \/>\n<meta property=\"og:description\" content=\"Descubre nuestra tienda especializada en jardiner\u00eda, decoraci\u00f3n del hogar y alimentaci\u00f3n para mascotas. Calidad y variedad al mejor precio.\" \/>\n<meta property=\"og:url\" content=\"https:\/\/viveverde.es\/en\/\" \/>\n<meta property=\"og:site_name\" content=\"ViveVerde\" \/>\n<meta property=\"article:modified_time\" content=\"2025-03-19T20:32:42+00:00\" \/>\n<meta name=\"twitter:card\" content=\"summary_large_image\" \/>\n<meta name=\"twitter:label1\" content=\"Estimated reading time\" \/>\n\t<meta name=\"twitter:data1\" content=\"3 minutes\" \/>\n<script type=\"application\/ld+json\" class=\"yoast-schema-graph\">{\"@context\":\"https:\/\/schema.org\",\"@graph\":[{\"@type\":\"WebPage\",\"@id\":\"https:\/\/viveverde.es\/\",\"url\":\"https:\/\/viveverde.es\/\",\"name\":\"ViveVerde: Tu tienda de jardiner\u00eda y mascotas en Aranjuez\",\"isPartOf\":{\"@id\":\"https:\/\/viveverde.es\/#website\"},\"datePublished\":\"2017-09-03T22:38:55+00:00\",\"dateModified\":\"2025-03-19T20:32:42+00:00\",\"description\":\"Descubre nuestra tienda especializada en jardiner\u00eda, decoraci\u00f3n del hogar y alimentaci\u00f3n para mascotas. Calidad y variedad al mejor precio.\",\"breadcrumb\":{\"@id\":\"https:\/\/viveverde.es\/#breadcrumb\"},\"inLanguage\":\"en-GB\",\"potentialAction\":[{\"@type\":\"ReadAction\",\"target\":[\"https:\/\/viveverde.es\/\"]}]},{\"@type\":\"BreadcrumbList\",\"@id\":\"https:\/\/viveverde.es\/#breadcrumb\",\"itemListElement\":[{\"@type\":\"ListItem\",\"position\":1,\"name\":\"Portada\",\"item\":\"https:\/\/viveverde.es\/\"},{\"@type\":\"ListItem\",\"position\":2,\"name\":\"ViveVerde\"}]},{\"@type\":\"WebSite\",\"@id\":\"https:\/\/viveverde.es\/#website\",\"url\":\"https:\/\/viveverde.es\/\",\"name\":\"ViveVerde\",\"description\":\"\",\"publisher\":{\"@id\":\"https:\/\/viveverde.es\/#organization\"},\"potentialAction\":[{\"@type\":\"SearchAction\",\"target\":{\"@type\":\"EntryPoint\",\"urlTemplate\":\"https:\/\/viveverde.es\/?s={search_term_string}\"},\"query-input\":{\"@type\":\"PropertyValueSpecification\",\"valueRequired\":true,\"valueName\":\"search_term_string\"}}],\"inLanguage\":\"en-GB\"},{\"@type\":\"Organization\",\"@id\":\"https:\/\/viveverde.es\/#organization\",\"name\":\"ViveVerde\",\"url\":\"https:\/\/viveverde.es\/\",\"logo\":{\"@type\":\"ImageObject\",\"inLanguage\":\"en-GB\",\"@id\":\"https:\/\/viveverde.es\/#\/schema\/logo\/image\/\",\"url\":\"https:\/\/viveverde.es\/wp-content\/uploads\/2024\/06\/Vectorizado-06-1.png\",\"contentUrl\":\"https:\/\/viveverde.es\/wp-content\/uploads\/2024\/06\/Vectorizado-06-1.png\",\"width\":354,\"height\":150,\"caption\":\"ViveVerde\"},\"image\":{\"@id\":\"https:\/\/viveverde.es\/#\/schema\/logo\/image\/\"}}]}<\/script>\n<!-- \/ Yoast SEO plugin. -->","yoast_head_json":{"title":"ViveVerde: Tu tienda de jardiner\u00eda y mascotas en Aranjuez","description":"Descubre nuestra tienda especializada en jardiner\u00eda, decoraci\u00f3n del hogar y alimentaci\u00f3n para mascotas. Calidad y variedad al mejor precio.","robots":{"index":"index","follow":"follow","max-snippet":"max-snippet:-1","max-image-preview":"max-image-preview:large","max-video-preview":"max-video-preview:-1"},"canonical":"https:\/\/viveverde.es\/en\/","og_locale":"en_GB","og_type":"article","og_title":"ViveVerde: Tu tienda de jardiner\u00eda y mascotas en Aranjuez","og_description":"Descubre nuestra tienda especializada en jardiner\u00eda, decoraci\u00f3n del hogar y alimentaci\u00f3n para mascotas. Calidad y variedad al mejor precio.","og_url":"https:\/\/viveverde.es\/en\/","og_site_name":"ViveVerde","article_modified_time":"2025-03-19T20:32:42+00:00","twitter_card":"summary_large_image","twitter_misc":{"Estimated reading time":"3 minutes"},"schema":{"@context":"https:\/\/schema.org","@graph":[{"@type":"WebPage","@id":"https:\/\/viveverde.es\/","url":"https:\/\/viveverde.es\/","name":"ViveVerde: Tu tienda de jardiner\u00eda y mascotas en Aranjuez","isPartOf":{"@id":"https:\/\/viveverde.es\/#website"},"datePublished":"2017-09-03T22:38:55+00:00","dateModified":"2025-03-19T20:32:42+00:00","description":"Descubre nuestra tienda especializada en jardiner\u00eda, decoraci\u00f3n del hogar y alimentaci\u00f3n para mascotas. Calidad y variedad al mejor precio.","breadcrumb":{"@id":"https:\/\/viveverde.es\/#breadcrumb"},"inLanguage":"en-GB","potentialAction":[{"@type":"ReadAction","target":["https:\/\/viveverde.es\/"]}]},{"@type":"BreadcrumbList","@id":"https:\/\/viveverde.es\/#breadcrumb","itemListElement":[{"@type":"ListItem","position":1,"name":"Portada","item":"https:\/\/viveverde.es\/"},{"@type":"ListItem","position":2,"name":"ViveVerde"}]},{"@type":"WebSite","@id":"https:\/\/viveverde.es\/#website","url":"https:\/\/viveverde.es\/","name":"ViveVerde","description":"","publisher":{"@id":"https:\/\/viveverde.es\/#organization"},"potentialAction":[{"@type":"SearchAction","target":{"@type":"EntryPoint","urlTemplate":"https:\/\/viveverde.es\/?s={search_term_string}"},"query-input":{"@type":"PropertyValueSpecification","valueRequired":true,"valueName":"search_term_string"}}],"inLanguage":"en-GB"},{"@type":"Organization","@id":"https:\/\/viveverde.es\/#organization","name":"ViveVerde","url":"https:\/\/viveverde.es\/","logo":{"@type":"ImageObject","inLanguage":"en-GB","@id":"https:\/\/viveverde.es\/#\/schema\/logo\/image\/","url":"https:\/\/viveverde.es\/wp-content\/uploads\/2024\/06\/Vectorizado-06-1.png","contentUrl":"https:\/\/viveverde.es\/wp-content\/uploads\/2024\/06\/Vectorizado-06-1.png","width":354,"height":150,"caption":"ViveVerde"},"image":{"@id":"https:\/\/viveverde.es\/#\/schema\/logo\/image\/"}}]}},"jetpack_sharing_enabled":true,"_links":{"self":[{"href":"https:\/\/viveverde.es\/en\/wp-json\/wp\/v2\/pages\/14013"}],"collection":[{"href":"https:\/\/viveverde.es\/en\/wp-json\/wp\/v2\/pages"}],"about":[{"href":"https:\/\/viveverde.es\/en\/wp-json\/wp\/v2\/types\/page"}],"author":[{"embeddable":true,"href":"https:\/\/viveverde.es\/en\/wp-json\/wp\/v2\/users\/1"}],"replies":[{"embeddable":true,"href":"https:\/\/viveverde.es\/en\/wp-json\/wp\/v2\/comments?post=14013"}],"version-history":[{"count":40,"href":"https:\/\/viveverde.es\/en\/wp-json\/wp\/v2\/pages\/14013\/revisions"}],"predecessor-version":[{"id":988062,"href":"https:\/\/viveverde.es\/en\/wp-json\/wp\/v2\/pages\/14013\/revisions\/988062"}],"wp:attachment":[{"href":"https:\/\/viveverde.es\/en\/wp-json\/wp\/v2\/media?parent=14013"}],"curies":[{"name":"wp","href":"https:\/\/api.w.org\/{rel}","templated":true}]}}