{"id":11410,"date":"2016-12-05T16:27:32","date_gmt":"2016-12-05T16:27:32","guid":{"rendered":"https:\/\/landscaping.vamtam.com\/?page_id=11410"},"modified":"2024-09-09T19:25:56","modified_gmt":"2024-09-09T17:25:56","slug":"garden","status":"publish","type":"page","link":"https:\/\/viveverde.es\/en\/garden\/","title":{"rendered":"Garden"},"content":{"rendered":"<div class=\"vgblk-rw-wrapper limit-wrapper\">\n\n\t<h2>Transforma tu<\/h2>\n<h2><strong> hogar y jard\u00edn<\/strong><\/h2>\n\t<h4>En viveVerde Aranjuez te ayudamos a crear el espacio verde perfecto. Contamos con un equipo experto para guiarte en cada paso, asegurando que tus plantas prosperen y tu entorno florezca.<\/h4>\n\t\t\t\t\t\t\t<img fetchpriority=\"high\" fetchpriority=\"high\" decoding=\"async\" src=\"https:\/\/viveverde.es\/wp-content\/uploads\/2024\/09\/Pub22_Junio_2024-04.webp\" alt=\"Pub22_Junio_2024-04\" itemprop=\"image\" height=\"1200\" width=\"960\" title=\"Pub22_Junio_2024-04\" onerror=\"this.style.display='none'\"  sizes=\"100\" srcset=\"https:\/\/viveverde.es\/wp-content\/uploads\/2024\/09\/Pub22_Junio_2024-04.webp 960w, https:\/\/viveverde.es\/wp-content\/uploads\/2024\/09\/Pub22_Junio_2024-04-240x300.webp 240w, https:\/\/viveverde.es\/wp-content\/uploads\/2024\/09\/Pub22_Junio_2024-04-819x1024.webp 819w, https:\/\/viveverde.es\/wp-content\/uploads\/2024\/09\/Pub22_Junio_2024-04-768x960.webp 768w, https:\/\/viveverde.es\/wp-content\/uploads\/2024\/09\/Pub22_Junio_2024-04-630x788.webp 630w, https:\/\/viveverde.es\/wp-content\/uploads\/2024\/09\/Pub22_Junio_2024-04-420x525.webp 420w, https:\/\/viveverde.es\/wp-content\/uploads\/2024\/09\/Pub22_Junio_2024-04-840x1050.webp 840w, https:\/\/viveverde.es\/wp-content\/uploads\/2024\/09\/Pub22_Junio_2024-04-315x394.webp 315w\" \/>\t\t\t\t\t\t\t\n\t\t\t\t\t\t\t<img decoding=\"async\" src=\"https:\/\/viveverde.es\/wp-content\/uploads\/2024\/09\/Pub20_Junio_2024-02.webp\" alt=\"Pub20_Junio_2024-02\" itemprop=\"image\" height=\"1200\" width=\"960\" title=\"Pub20_Junio_2024-02\" onerror=\"this.style.display='none'\"  sizes=\"100\" srcset=\"https:\/\/viveverde.es\/wp-content\/uploads\/2024\/09\/Pub20_Junio_2024-02.webp 960w, https:\/\/viveverde.es\/wp-content\/uploads\/2024\/09\/Pub20_Junio_2024-02-240x300.webp 240w, https:\/\/viveverde.es\/wp-content\/uploads\/2024\/09\/Pub20_Junio_2024-02-819x1024.webp 819w, https:\/\/viveverde.es\/wp-content\/uploads\/2024\/09\/Pub20_Junio_2024-02-768x960.webp 768w, https:\/\/viveverde.es\/wp-content\/uploads\/2024\/09\/Pub20_Junio_2024-02-630x788.webp 630w, https:\/\/viveverde.es\/wp-content\/uploads\/2024\/09\/Pub20_Junio_2024-02-420x525.webp 420w, https:\/\/viveverde.es\/wp-content\/uploads\/2024\/09\/Pub20_Junio_2024-02-840x1050.webp 840w, https:\/\/viveverde.es\/wp-content\/uploads\/2024\/09\/Pub20_Junio_2024-02-315x394.webp 315w\" \/>\t\t\t\t\t\t\t\n\t\t\t\t\t\t\t<img decoding=\"async\" src=\"https:\/\/viveverde.es\/wp-content\/uploads\/2024\/09\/Pub1_Abril_2024-05.webp\" alt=\"Pub1_Abril_2024-05\" itemprop=\"image\" height=\"1200\" width=\"960\" title=\"Pub1_Abril_2024-05\" onerror=\"this.style.display='none'\"  sizes=\"100\" srcset=\"https:\/\/viveverde.es\/wp-content\/uploads\/2024\/09\/Pub1_Abril_2024-05.webp 960w, https:\/\/viveverde.es\/wp-content\/uploads\/2024\/09\/Pub1_Abril_2024-05-240x300.webp 240w, https:\/\/viveverde.es\/wp-content\/uploads\/2024\/09\/Pub1_Abril_2024-05-819x1024.webp 819w, https:\/\/viveverde.es\/wp-content\/uploads\/2024\/09\/Pub1_Abril_2024-05-768x960.webp 768w, https:\/\/viveverde.es\/wp-content\/uploads\/2024\/09\/Pub1_Abril_2024-05-630x788.webp 630w, https:\/\/viveverde.es\/wp-content\/uploads\/2024\/09\/Pub1_Abril_2024-05-420x525.webp 420w, https:\/\/viveverde.es\/wp-content\/uploads\/2024\/09\/Pub1_Abril_2024-05-840x1050.webp 840w, https:\/\/viveverde.es\/wp-content\/uploads\/2024\/09\/Pub1_Abril_2024-05-315x394.webp 315w\" \/>\t\t\t\t\t\t\t\n\t\t\t\t\t\t\t<img loading=\"lazy\" loading=\"lazy\" decoding=\"async\" src=\"https:\/\/viveverde.es\/wp-content\/uploads\/2024\/09\/Pub10_Mayo_2024-04.webp\" alt=\"Pub10_Mayo_2024-04\" itemprop=\"image\" height=\"1200\" width=\"960\" title=\"Pub10_Mayo_2024-04\" onerror=\"this.style.display='none'\"  sizes=\"100\" srcset=\"https:\/\/viveverde.es\/wp-content\/uploads\/2024\/09\/Pub10_Mayo_2024-04.webp 960w, https:\/\/viveverde.es\/wp-content\/uploads\/2024\/09\/Pub10_Mayo_2024-04-240x300.webp 240w, https:\/\/viveverde.es\/wp-content\/uploads\/2024\/09\/Pub10_Mayo_2024-04-819x1024.webp 819w, https:\/\/viveverde.es\/wp-content\/uploads\/2024\/09\/Pub10_Mayo_2024-04-768x960.webp 768w, https:\/\/viveverde.es\/wp-content\/uploads\/2024\/09\/Pub10_Mayo_2024-04-630x788.webp 630w, https:\/\/viveverde.es\/wp-content\/uploads\/2024\/09\/Pub10_Mayo_2024-04-420x525.webp 420w, https:\/\/viveverde.es\/wp-content\/uploads\/2024\/09\/Pub10_Mayo_2024-04-840x1050.webp 840w, https:\/\/viveverde.es\/wp-content\/uploads\/2024\/09\/Pub10_Mayo_2024-04-315x394.webp 315w\" \/>\t\t\t\t\t\t\t\n\t\t\t\t\t\t\t<img loading=\"lazy\" loading=\"lazy\" decoding=\"async\" src=\"https:\/\/viveverde.es\/wp-content\/uploads\/2024\/09\/Pub7_Abril_2024-01.webp\" alt=\"Pub7_Abril_2024-01\" itemprop=\"image\" height=\"1200\" width=\"960\" title=\"Pub7_Abril_2024-01\" onerror=\"this.style.display='none'\"  sizes=\"100\" srcset=\"https:\/\/viveverde.es\/wp-content\/uploads\/2024\/09\/Pub7_Abril_2024-01.webp 960w, https:\/\/viveverde.es\/wp-content\/uploads\/2024\/09\/Pub7_Abril_2024-01-240x300.webp 240w, https:\/\/viveverde.es\/wp-content\/uploads\/2024\/09\/Pub7_Abril_2024-01-819x1024.webp 819w, https:\/\/viveverde.es\/wp-content\/uploads\/2024\/09\/Pub7_Abril_2024-01-768x960.webp 768w, https:\/\/viveverde.es\/wp-content\/uploads\/2024\/09\/Pub7_Abril_2024-01-630x788.webp 630w, https:\/\/viveverde.es\/wp-content\/uploads\/2024\/09\/Pub7_Abril_2024-01-420x525.webp 420w, https:\/\/viveverde.es\/wp-content\/uploads\/2024\/09\/Pub7_Abril_2024-01-840x1050.webp 840w, https:\/\/viveverde.es\/wp-content\/uploads\/2024\/09\/Pub7_Abril_2024-01-315x394.webp 315w\" \/>\t\t\t\t\t\t\t\n\t\t\t1,800+\n\t\t\t\t\t\t\tRese\u00f1as Positivas\n\t\t\t8,000+\n\t\t\t\t\t\t\tMetros Cuadrados\n\t\t\t18,000+\n\t\t\t\t\t\t\tProductos \u00danicos\n<h2>\n\t\u00bfPor qu\u00e9 elegirnos?\n\t<\/h2>\n\t<p>Somos una <strong>empresa familiar con m\u00e1s de 20 a\u00f1os<\/strong> de experiencia en jardiner\u00eda. Nuestra tradici\u00f3n y cercan\u00eda nos permiten ofrecer soluciones personalizadas, cuidando cada detalle para que tu jard\u00edn siempre luzca espectacular. La pasi\u00f3n por la naturaleza y el compromiso con la calidad son nuestros valores esenciales.<\/p>\n<p><strong>\u00a1Tenemos todo lo que tu jard\u00edn necesita!<\/strong><\/p>\n\t<meta itemprop=\"url\" content=\"https:\/\/viveverde.es\/wp-content\/uploads\/2024\/09\/Decoracion-Viveverde.mp4\" \/><div style=\"width: 640px;\" class=\"wp-video\"><!--[if lt IE 9]><script>document.createElement('video');<\/script><![endif]-->\n<video class=\"wp-video-shortcode\" id=\"video-11410-1\" width=\"640\" height=\"360\" preload=\"metadata\" controls=\"controls\"><source type=\"video\/mp4\" src=\"https:\/\/viveverde.es\/wp-content\/uploads\/2024\/09\/Decoracion-Viveverde.mp4?_=1\" \/><a href=\"https:\/\/viveverde.es\/wp-content\/uploads\/2024\/09\/Decoracion-Viveverde.mp4\">https:\/\/viveverde.es\/wp-content\/uploads\/2024\/09\/Decoracion-Viveverde.mp4<\/a><\/video><\/div>\n\t\t\t\t\t\t\t<img loading=\"lazy\" loading=\"lazy\" decoding=\"async\" src=\"https:\/\/viveverde.es\/wp-content\/uploads\/2024\/09\/Pub44_Sept_2024-05.webp\" alt=\"Pub44_Sept_2024-05\" itemprop=\"image\" height=\"1200\" width=\"960\" data-link-type=\"url\" title=\"Pub44_Sept_2024-05\" onerror=\"this.style.display='none'\"  sizes=\"(max-width: 768px) 100vw, 100vw\" srcset=\"https:\/\/viveverde.es\/wp-content\/uploads\/2024\/09\/Pub44_Sept_2024-05.webp 960w, https:\/\/viveverde.es\/wp-content\/uploads\/2024\/09\/Pub44_Sept_2024-05-240x300.webp 240w, https:\/\/viveverde.es\/wp-content\/uploads\/2024\/09\/Pub44_Sept_2024-05-819x1024.webp 819w, https:\/\/viveverde.es\/wp-content\/uploads\/2024\/09\/Pub44_Sept_2024-05-768x960.webp 768w, https:\/\/viveverde.es\/wp-content\/uploads\/2024\/09\/Pub44_Sept_2024-05-630x788.webp 630w, https:\/\/viveverde.es\/wp-content\/uploads\/2024\/09\/Pub44_Sept_2024-05-420x525.webp 420w, https:\/\/viveverde.es\/wp-content\/uploads\/2024\/09\/Pub44_Sept_2024-05-840x1050.webp 840w, https:\/\/viveverde.es\/wp-content\/uploads\/2024\/09\/Pub44_Sept_2024-05-315x394.webp 315w\" \/>\t\t\t\t\t\t\t\n<h3>\n\tPlantas\n\t<\/h3>\n\t<ul>\n<li>Plantas Interior<\/li>\n<li>Plantas de Exterior<\/li>\n<li>Tratamientos Plantas<\/li>\n<\/ul>\n\t\t\t\t\t\t\t<img loading=\"lazy\" loading=\"lazy\" decoding=\"async\" src=\"https:\/\/viveverde.es\/wp-content\/uploads\/2024\/09\/Pub7_Abril_2024-02.webp\" alt=\"Pub7_Abril_2024-02\" itemprop=\"image\" height=\"1200\" width=\"960\" data-link-type=\"url\" title=\"Pub7_Abril_2024-02\" onerror=\"this.style.display='none'\"  sizes=\"(max-width: 768px) 100vw, 100vw\" srcset=\"https:\/\/viveverde.es\/wp-content\/uploads\/2024\/09\/Pub7_Abril_2024-02.webp 960w, https:\/\/viveverde.es\/wp-content\/uploads\/2024\/09\/Pub7_Abril_2024-02-240x300.webp 240w, https:\/\/viveverde.es\/wp-content\/uploads\/2024\/09\/Pub7_Abril_2024-02-819x1024.webp 819w, https:\/\/viveverde.es\/wp-content\/uploads\/2024\/09\/Pub7_Abril_2024-02-768x960.webp 768w, https:\/\/viveverde.es\/wp-content\/uploads\/2024\/09\/Pub7_Abril_2024-02-630x788.webp 630w, https:\/\/viveverde.es\/wp-content\/uploads\/2024\/09\/Pub7_Abril_2024-02-420x525.webp 420w, https:\/\/viveverde.es\/wp-content\/uploads\/2024\/09\/Pub7_Abril_2024-02-840x1050.webp 840w, https:\/\/viveverde.es\/wp-content\/uploads\/2024\/09\/Pub7_Abril_2024-02-315x394.webp 315w\" \/>\t\t\t\t\t\t\t\n<h3>\n\tDecoraci\u00f3n\n\t<\/h3>\n\t<ul>\n<li>Elementos Decorativos<\/li>\n<li>Dise\u00f1o de Jardines<\/li>\n<li>Ejecuci\u00f3n de Jardines<\/li>\n<\/ul>\n\t\t\t\t\t\t\t<img loading=\"lazy\" loading=\"lazy\" decoding=\"async\" src=\"https:\/\/viveverde.es\/wp-content\/uploads\/2024\/09\/Pub10_Mayo_2024-02.webp\" alt=\"Pub10_Mayo_2024-02\" itemprop=\"image\" height=\"1200\" width=\"960\" data-link-type=\"url\" title=\"Pub10_Mayo_2024-02\" onerror=\"this.style.display='none'\"  sizes=\"(max-width: 768px) 100vw, 100vw\" srcset=\"https:\/\/viveverde.es\/wp-content\/uploads\/2024\/09\/Pub10_Mayo_2024-02.webp 960w, https:\/\/viveverde.es\/wp-content\/uploads\/2024\/09\/Pub10_Mayo_2024-02-240x300.webp 240w, https:\/\/viveverde.es\/wp-content\/uploads\/2024\/09\/Pub10_Mayo_2024-02-819x1024.webp 819w, https:\/\/viveverde.es\/wp-content\/uploads\/2024\/09\/Pub10_Mayo_2024-02-768x960.webp 768w, https:\/\/viveverde.es\/wp-content\/uploads\/2024\/09\/Pub10_Mayo_2024-02-630x788.webp 630w, https:\/\/viveverde.es\/wp-content\/uploads\/2024\/09\/Pub10_Mayo_2024-02-420x525.webp 420w, https:\/\/viveverde.es\/wp-content\/uploads\/2024\/09\/Pub10_Mayo_2024-02-840x1050.webp 840w, https:\/\/viveverde.es\/wp-content\/uploads\/2024\/09\/Pub10_Mayo_2024-02-315x394.webp 315w\" \/>\t\t\t\t\t\t\t\n<h3>\n\tDiagn\u00f3stico\n\t<\/h3>\n\t<ul>\n<li>Diagn\u00f3stico de Plantas<\/li>\n<li>Consejos y Cuidados<\/li>\n<li>\nTransplantes de Plantas\n<\/li>\n<\/ul>\n\t\t\t\t\t\t\t<img loading=\"lazy\" loading=\"lazy\" decoding=\"async\" src=\"https:\/\/viveverde.es\/wp-content\/uploads\/2024\/09\/Pub43_Sept_2024-01.webp\" alt=\"Pub43_Sept_2024-01\" itemprop=\"image\" height=\"1200\" width=\"960\" title=\"Pub43_Sept_2024-01\" onerror=\"this.style.display='none'\"  sizes=\"(max-width: 768px) 100vw, 100vw\" srcset=\"https:\/\/viveverde.es\/wp-content\/uploads\/2024\/09\/Pub43_Sept_2024-01.webp 960w, https:\/\/viveverde.es\/wp-content\/uploads\/2024\/09\/Pub43_Sept_2024-01-240x300.webp 240w, https:\/\/viveverde.es\/wp-content\/uploads\/2024\/09\/Pub43_Sept_2024-01-819x1024.webp 819w, https:\/\/viveverde.es\/wp-content\/uploads\/2024\/09\/Pub43_Sept_2024-01-768x960.webp 768w, https:\/\/viveverde.es\/wp-content\/uploads\/2024\/09\/Pub43_Sept_2024-01-630x788.webp 630w, https:\/\/viveverde.es\/wp-content\/uploads\/2024\/09\/Pub43_Sept_2024-01-420x525.webp 420w, https:\/\/viveverde.es\/wp-content\/uploads\/2024\/09\/Pub43_Sept_2024-01-840x1050.webp 840w, https:\/\/viveverde.es\/wp-content\/uploads\/2024\/09\/Pub43_Sept_2024-01-315x394.webp 315w\" \/>\t\t\t\t\t\t\t\n<h3>\n\tHerramientas\n\t<\/h3>\n\t<ul>\n<li>Mantenimiento Jardiner\u00eda<\/li>\n<li>Mantenimiento Piscinas<\/li>\n<li>\nLe\u00f1a y Barbacoas\n<\/li>\n<\/ul>\n\t\t<iframe src=\"https:\/\/maps.google.com\/maps?q=Antigua+Ctra.+de+Andaluc%C3%ADa%2C+km+43.1+%28frente+a+Hyundai%29+M-503%2C+28300+Aranjuez%2C+Madrid&#038;iwloc=near&#038;output=embed\" height=\"500\" frameborder=\"0\" loading=\"lazy\"><\/iframe>\n<h5>\n\t\tServicio de transporte en Aranjuez* y alrededores (*Gratis a partir de 100\u20ac)\n\t<\/h5>\n\n<\/div><!-- .vgblk-rw-wrapper -->","protected":false},"excerpt":{"rendered":"<p>Transforma tu hogar y jard\u00edn En viveVerde Aranjuez te ayudamos a crear el espacio verde perfecto. Contamos con un equipo experto para guiarte en cada paso, asegurando que tus plantas prosperen y tu entorno florezca. 1,800+ Rese\u00f1as Positivas 8,000+ Metros Cuadrados 18,000+ Productos \u00danicos \u00bfPor qu\u00e9 elegirnos? Somos una empresa familiar con m\u00e1s de 20&#8230;<\/p>","protected":false},"author":1,"featured_media":0,"parent":0,"menu_order":0,"comment_status":"closed","ping_status":"closed","template":"","meta":{"inline_featured_image":false,"footnotes":""},"yoast_head":"<!-- This site is optimized with the Yoast SEO plugin v24.5 - https:\/\/yoast.com\/wordpress\/plugins\/seo\/ -->\n<title>Garden - ViveVerde<\/title>\n<meta name=\"robots\" content=\"index, follow, max-snippet:-1, max-image-preview:large, max-video-preview:-1\" \/>\n<link rel=\"canonical\" href=\"https:\/\/viveverde.es\/en\/garden\/\" \/>\n<meta property=\"og:locale\" content=\"en_GB\" \/>\n<meta property=\"og:type\" content=\"article\" \/>\n<meta property=\"og:title\" content=\"Garden - ViveVerde\" \/>\n<meta property=\"og:description\" content=\"Transforma tu hogar y jard\u00edn En viveVerde Aranjuez te ayudamos a crear el espacio verde perfecto. Contamos con un equipo experto para guiarte en cada paso, asegurando que tus plantas prosperen y tu entorno florezca. 1,800+ Rese\u00f1as Positivas 8,000+ Metros Cuadrados 18,000+ Productos \u00danicos \u00bfPor qu\u00e9 elegirnos? Somos una empresa familiar con m\u00e1s de 20...\" \/>\n<meta property=\"og:url\" content=\"https:\/\/viveverde.es\/en\/garden\/\" \/>\n<meta property=\"og:site_name\" content=\"ViveVerde\" \/>\n<meta property=\"article:modified_time\" content=\"2024-09-09T17:25:56+00:00\" \/>\n<meta property=\"og:image\" content=\"https:\/\/viveverde.es\/wp-content\/uploads\/2024\/09\/Pub22_Junio_2024-04.webp\" \/>\n<meta name=\"twitter:card\" content=\"summary_large_image\" \/>\n<meta name=\"twitter:label1\" content=\"Estimated reading time\" \/>\n\t<meta name=\"twitter:data1\" content=\"1 minute\" \/>\n<script type=\"application\/ld+json\" class=\"yoast-schema-graph\">{\"@context\":\"https:\/\/schema.org\",\"@graph\":[{\"@type\":\"WebPage\",\"@id\":\"https:\/\/viveverde.es\/garden\/\",\"url\":\"https:\/\/viveverde.es\/garden\/\",\"name\":\"Garden - ViveVerde\",\"isPartOf\":{\"@id\":\"https:\/\/viveverde.es\/#website\"},\"primaryImageOfPage\":{\"@id\":\"https:\/\/viveverde.es\/garden\/#primaryimage\"},\"image\":{\"@id\":\"https:\/\/viveverde.es\/garden\/#primaryimage\"},\"thumbnailUrl\":\"https:\/\/viveverde.es\/wp-content\/uploads\/2024\/09\/Pub22_Junio_2024-04.webp\",\"datePublished\":\"2016-12-05T16:27:32+00:00\",\"dateModified\":\"2024-09-09T17:25:56+00:00\",\"breadcrumb\":{\"@id\":\"https:\/\/viveverde.es\/garden\/#breadcrumb\"},\"inLanguage\":\"en-GB\",\"potentialAction\":[{\"@type\":\"ReadAction\",\"target\":[\"https:\/\/viveverde.es\/garden\/\"]}]},{\"@type\":\"ImageObject\",\"inLanguage\":\"en-GB\",\"@id\":\"https:\/\/viveverde.es\/garden\/#primaryimage\",\"url\":\"https:\/\/viveverde.es\/wp-content\/uploads\/2024\/09\/Pub22_Junio_2024-04.webp\",\"contentUrl\":\"https:\/\/viveverde.es\/wp-content\/uploads\/2024\/09\/Pub22_Junio_2024-04.webp\"},{\"@type\":\"BreadcrumbList\",\"@id\":\"https:\/\/viveverde.es\/garden\/#breadcrumb\",\"itemListElement\":[{\"@type\":\"ListItem\",\"position\":1,\"name\":\"Portada\",\"item\":\"https:\/\/viveverde.es\/\"},{\"@type\":\"ListItem\",\"position\":2,\"name\":\"Garden\"}]},{\"@type\":\"WebSite\",\"@id\":\"https:\/\/viveverde.es\/#website\",\"url\":\"https:\/\/viveverde.es\/\",\"name\":\"ViveVerde\",\"description\":\"\",\"publisher\":{\"@id\":\"https:\/\/viveverde.es\/#organization\"},\"potentialAction\":[{\"@type\":\"SearchAction\",\"target\":{\"@type\":\"EntryPoint\",\"urlTemplate\":\"https:\/\/viveverde.es\/?s={search_term_string}\"},\"query-input\":{\"@type\":\"PropertyValueSpecification\",\"valueRequired\":true,\"valueName\":\"search_term_string\"}}],\"inLanguage\":\"en-GB\"},{\"@type\":\"Organization\",\"@id\":\"https:\/\/viveverde.es\/#organization\",\"name\":\"ViveVerde\",\"url\":\"https:\/\/viveverde.es\/\",\"logo\":{\"@type\":\"ImageObject\",\"inLanguage\":\"en-GB\",\"@id\":\"https:\/\/viveverde.es\/#\/schema\/logo\/image\/\",\"url\":\"https:\/\/viveverde.es\/wp-content\/uploads\/2024\/06\/Vectorizado-06-1.png\",\"contentUrl\":\"https:\/\/viveverde.es\/wp-content\/uploads\/2024\/06\/Vectorizado-06-1.png\",\"width\":354,\"height\":150,\"caption\":\"ViveVerde\"},\"image\":{\"@id\":\"https:\/\/viveverde.es\/#\/schema\/logo\/image\/\"}}]}<\/script>\n<!-- \/ Yoast SEO plugin. -->","yoast_head_json":{"title":"Garden - ViveVerde","robots":{"index":"index","follow":"follow","max-snippet":"max-snippet:-1","max-image-preview":"max-image-preview:large","max-video-preview":"max-video-preview:-1"},"canonical":"https:\/\/viveverde.es\/en\/garden\/","og_locale":"en_GB","og_type":"article","og_title":"Garden - ViveVerde","og_description":"Transforma tu hogar y jard\u00edn En viveVerde Aranjuez te ayudamos a crear el espacio verde perfecto. Contamos con un equipo experto para guiarte en cada paso, asegurando que tus plantas prosperen y tu entorno florezca. 1,800+ Rese\u00f1as Positivas 8,000+ Metros Cuadrados 18,000+ Productos \u00danicos \u00bfPor qu\u00e9 elegirnos? Somos una empresa familiar con m\u00e1s de 20...","og_url":"https:\/\/viveverde.es\/en\/garden\/","og_site_name":"ViveVerde","article_modified_time":"2024-09-09T17:25:56+00:00","og_image":[{"url":"https:\/\/viveverde.es\/wp-content\/uploads\/2024\/09\/Pub22_Junio_2024-04.webp","type":"","width":"","height":""}],"twitter_card":"summary_large_image","twitter_misc":{"Estimated reading time":"1 minute"},"schema":{"@context":"https:\/\/schema.org","@graph":[{"@type":"WebPage","@id":"https:\/\/viveverde.es\/garden\/","url":"https:\/\/viveverde.es\/garden\/","name":"Garden - ViveVerde","isPartOf":{"@id":"https:\/\/viveverde.es\/#website"},"primaryImageOfPage":{"@id":"https:\/\/viveverde.es\/garden\/#primaryimage"},"image":{"@id":"https:\/\/viveverde.es\/garden\/#primaryimage"},"thumbnailUrl":"https:\/\/viveverde.es\/wp-content\/uploads\/2024\/09\/Pub22_Junio_2024-04.webp","datePublished":"2016-12-05T16:27:32+00:00","dateModified":"2024-09-09T17:25:56+00:00","breadcrumb":{"@id":"https:\/\/viveverde.es\/garden\/#breadcrumb"},"inLanguage":"en-GB","potentialAction":[{"@type":"ReadAction","target":["https:\/\/viveverde.es\/garden\/"]}]},{"@type":"ImageObject","inLanguage":"en-GB","@id":"https:\/\/viveverde.es\/garden\/#primaryimage","url":"https:\/\/viveverde.es\/wp-content\/uploads\/2024\/09\/Pub22_Junio_2024-04.webp","contentUrl":"https:\/\/viveverde.es\/wp-content\/uploads\/2024\/09\/Pub22_Junio_2024-04.webp"},{"@type":"BreadcrumbList","@id":"https:\/\/viveverde.es\/garden\/#breadcrumb","itemListElement":[{"@type":"ListItem","position":1,"name":"Portada","item":"https:\/\/viveverde.es\/"},{"@type":"ListItem","position":2,"name":"Garden"}]},{"@type":"WebSite","@id":"https:\/\/viveverde.es\/#website","url":"https:\/\/viveverde.es\/","name":"ViveVerde","description":"","publisher":{"@id":"https:\/\/viveverde.es\/#organization"},"potentialAction":[{"@type":"SearchAction","target":{"@type":"EntryPoint","urlTemplate":"https:\/\/viveverde.es\/?s={search_term_string}"},"query-input":{"@type":"PropertyValueSpecification","valueRequired":true,"valueName":"search_term_string"}}],"inLanguage":"en-GB"},{"@type":"Organization","@id":"https:\/\/viveverde.es\/#organization","name":"ViveVerde","url":"https:\/\/viveverde.es\/","logo":{"@type":"ImageObject","inLanguage":"en-GB","@id":"https:\/\/viveverde.es\/#\/schema\/logo\/image\/","url":"https:\/\/viveverde.es\/wp-content\/uploads\/2024\/06\/Vectorizado-06-1.png","contentUrl":"https:\/\/viveverde.es\/wp-content\/uploads\/2024\/06\/Vectorizado-06-1.png","width":354,"height":150,"caption":"ViveVerde"},"image":{"@id":"https:\/\/viveverde.es\/#\/schema\/logo\/image\/"}}]}},"jetpack_sharing_enabled":true,"_links":{"self":[{"href":"https:\/\/viveverde.es\/en\/wp-json\/wp\/v2\/pages\/11410"}],"collection":[{"href":"https:\/\/viveverde.es\/en\/wp-json\/wp\/v2\/pages"}],"about":[{"href":"https:\/\/viveverde.es\/en\/wp-json\/wp\/v2\/types\/page"}],"author":[{"embeddable":true,"href":"https:\/\/viveverde.es\/en\/wp-json\/wp\/v2\/users\/1"}],"replies":[{"embeddable":true,"href":"https:\/\/viveverde.es\/en\/wp-json\/wp\/v2\/comments?post=11410"}],"version-history":[{"count":10,"href":"https:\/\/viveverde.es\/en\/wp-json\/wp\/v2\/pages\/11410\/revisions"}],"predecessor-version":[{"id":987894,"href":"https:\/\/viveverde.es\/en\/wp-json\/wp\/v2\/pages\/11410\/revisions\/987894"}],"wp:attachment":[{"href":"https:\/\/viveverde.es\/en\/wp-json\/wp\/v2\/media?parent=11410"}],"curies":[{"name":"wp","href":"https:\/\/api.w.org\/{rel}","templated":true}]}}